{"id":8377,"date":"2021-05-26T21:35:48","date_gmt":"2021-05-26T19:35:48","guid":{"rendered":"https:\/\/pedimed.si\/o-nas\/"},"modified":"2021-06-13T22:48:26","modified_gmt":"2021-06-13T20:48:26","slug":"about-us","status":"publish","type":"page","link":"https:\/\/arhiv.pedimed.si\/en\/about-us\/","title":{"rendered":"About us"},"content":{"rendered":"<p><section id=\"bt_bb_section69e384cde4e3d\" class=\"bt_bb_section bt_bb_layout_boxed_1200 bt_bb_vertical_align_top bt_bb_background_overlay_light_gradient bt_bb_top_spacing_medium bt_bb_bottom_spacing_large\"  data-bt-override-class=\"null\"><div class=\"bt_bb_background_image_holder_wrapper\"><div class=\"bt_bb_background_image_holder btLazyLoadBackground\"  data-background_image_src=\"https:\/\/arhiv.pedimed.si\/wp-content\/uploads\/2021\/04\/canva1.png\" data-parallax-zoom-start=\"1\" data-parallax-zoom-end=\"1\" data-parallax-blur-start=\"0\" data-parallax-blur-end=\"0\" data-parallax-opacity-start=\"1\" data-parallax-opacity-end=\"1\" style=\" background-image: url(&#039;https:\/\/arhiv.pedimed.si\/wp-content\/plugins\/bold-page-builder\/img\/blank.gif&#039;);\"><\/div><\/div><div class=\"bt_bb_port\"><div class=\"bt_bb_cell\"><div class=\"bt_bb_cell_inner\"><div class=\"bt_bb_row \"  data-bt-override-class=\"{}\"><div class=\"bt_bb_row_holder\" ><div  class=\"bt_bb_column col-xxl-6 col-xl-6 bt_bb_vertical_align_top bt_bb_align_left bt_bb_padding_normal bt_bb_animation_fade_in zoom_out animate\" style=\"; --column-width:6;\" data-width=\"6\" data-bt-override-class=\"{}\"><div class=\"bt_bb_column_content\"><div class=\"bt_bb_column_content_inner\"><header class=\"bt_bb_headline bt_bb_dash_bottom bt_bb_superheadline bt_bb_size_normal bt_bb_align_inherit\" data-bt-override-class=\"{&quot;bt_bb_size_&quot;:{&quot;current_class&quot;:&quot;bt_bb_size_normal&quot;,&quot;def&quot;:&quot;normal&quot;,&quot;xl&quot;:&quot;normal&quot;},&quot;bt_bb_align_&quot;:{&quot;current_class&quot;:&quot;bt_bb_align_inherit&quot;,&quot;def&quot;:&quot;inherit&quot;,&quot;xl&quot;:&quot;inherit&quot;}}\"><h1 class=\"bt_bb_headline_tag\"><span class=\"bt_bb_headline_superheadline\">We are happy to help you<\/span><span class=\"bt_bb_headline_content\"><span><strong> Real reasons<br \/><br \/>\nfor the right choice<br \/><br \/>\n<\/strong><\/span><\/span><\/h1><\/header><div class=\"bt_bb_separator bt_bb_border_style_none bt_bb_top_spacing_small bt_bb_bottom_spacing_extra_small\" data-bt-override-class=\"null\"><\/div><div  class=\"bt_bb_text\" ><\/p>\n<blockquote>\n<p><strong>The Pedimed Centre<\/strong>\u00a0grew out of a love of caring for troubled feet and a desire to help and relieve people of pain.<\/p>\n<p><strong>The Pedimed Centre<\/strong>\u00a0is run by Karmen Perko, a medical pedicurist and specialist in the field of foot problems.<\/p>\n<\/blockquote>\n<p>\n<\/div><div class=\"bt_bb_separator bt_bb_border_style_solid bt_bb_top_spacing_medium bt_bb_bottom_spacing_normal\" data-bt-override-class=\"null\"><\/div><\/div><\/div><\/div><div  class=\"bt_bb_column col-xxl-6 col-xl-6 bt_bb_vertical_align_top bt_bb_align_left bt_bb_padding_normal\" style=\"; --column-width:6;\" data-width=\"6\" data-bt-override-class=\"{}\"><div class=\"bt_bb_column_content\"><div class=\"bt_bb_column_content_inner\"><\/div><\/div><\/div><\/div><\/div><\/div><!-- cell_inner --><\/div><!-- cell --><\/div><!-- port --><\/section><section id=\"bt_bb_section69e384cde5c4c\" class=\"bt_bb_section bt_bb_layout_boxed_1200 bt_bb_vertical_align_top bt_bb_top_spacing_extra_small\"  data-bt-override-class=\"null\"><div class=\"bt_bb_port\"><div class=\"bt_bb_cell\"><div class=\"bt_bb_cell_inner\"><div class=\"bt_bb_row \"  data-bt-override-class=\"{}\"><div class=\"bt_bb_row_holder\" ><div  class=\"bt_bb_column col-xxl-12 col-xl-12 col-xs-12 col-sm-12 col-md-12 col-lg-12 bt_bb_vertical_align_top bt_bb_align_left bt_bb_padding_normal\" style=\"; --column-width:12;\" data-width=\"12\" data-bt-override-class=\"{}\"><div class=\"bt_bb_column_content\"><div class=\"bt_bb_column_content_inner\"><header class=\"bt_bb_headline bt_bb_dash_bottom bt_bb_size_normal bt_bb_align_inherit\" data-bt-override-class=\"{&quot;bt_bb_size_&quot;:{&quot;current_class&quot;:&quot;bt_bb_size_normal&quot;,&quot;def&quot;:&quot;normal&quot;,&quot;xl&quot;:&quot;normal&quot;},&quot;bt_bb_align_&quot;:{&quot;current_class&quot;:&quot;bt_bb_align_inherit&quot;,&quot;def&quot;:&quot;inherit&quot;,&quot;xl&quot;:&quot;inherit&quot;}}\"><h2 class=\"bt_bb_headline_tag\"><span class=\"bt_bb_headline_content\"><span><strong> Mission. Foundations. Vision. Goals. <\/strong><\/span><\/span><\/h2><\/header><div class=\"bt_bb_separator bt_bb_border_style_none bt_bb_top_spacing_small bt_bb_bottom_spacing_small\" data-bt-override-class=\"null\"><\/div><div  class=\"bt_bb_text\" ><\/p>\n<p><strong>1. MISSION<\/strong><\/p>\n<p>The mission of the Pedimed Centre is to save people from pain and foot problems.<\/p>\n<p><strong>2. FOUNDATIONS<\/strong><\/p>\n<p>The foundation of many years of successful operation is based on the love of foot problems and continuous professional development.<\/p>\n<p>We regularly acquire professional knowledge in the field of podology abroad from holders of new technologies in the field of foot problems. We successfully transfer knowledge into our work. That is why the Pedimed Centre successfully solves foot problems, which is confirmed by many years of practice.<\/p>\n<p>We believe we have different procedures and state-of-the-art methods for solving foot problems.<br \/>\nWe believe that we are the first to provide such services.<\/p>\n<p>Many years of close cooperation with various experts and doctors from related fields (with dermatologists, diabetologists, physiatrists, orthopedists and plastic surgeons) have proven to be a successful path.<\/p>\n<p>We also pay a lot of attention to proper and regular foot care for children. Parents often come to us with their children for help and advice on how to cut their nails properly. We encourage children to have regular and good hygiene and dedicate a lot of time to them. Through play and fun, we free them from fear and foot care becomes fun.<\/p>\n<p><strong>3. VISION<\/strong><\/p>\n<p>Our customers come from different parts of Slovenia and even from abroad, so Pedimed&#8217;s vision is to expand its branches throughout Slovenia and also in Croatia and Italy.<\/p>\n<p><strong>4. GOAL AND MOTIVATION<\/strong><\/p>\n<p>Relieving people of pain and foot problems is a special challenge and motivation for us, as there is no better feeling than seeing people leave the Pedimed Centre without pain on a daily basis and walk around with light feet!<\/p>\n<p>\n<\/div><\/div><\/div><\/div><\/div><\/div><div class=\"bt_bb_row \"  data-bt-override-class=\"{}\"><div class=\"bt_bb_row_holder\" ><div  class=\"bt_bb_column col-xxl-12 col-xl-12 col-xs-12 col-sm-12 col-md-12 col-lg-12 bt_bb_vertical_align_top bt_bb_align_left bt_bb_padding_normal\" style=\"; --column-width:12;\" data-width=\"12\" data-bt-override-class=\"{}\"><div class=\"bt_bb_column_content\"><div class=\"bt_bb_column_content_inner\"><div class=\"bt_bb_separator bt_bb_border_style_none bt_bb_top_spacing_small bt_bb_bottom_spacing_small\" data-bt-override-class=\"null\"><\/div><header class=\"bt_bb_headline bt_bb_dash_bottom bt_bb_size_normal bt_bb_align_inherit\" data-bt-override-class=\"{&quot;bt_bb_size_&quot;:{&quot;current_class&quot;:&quot;bt_bb_size_normal&quot;,&quot;def&quot;:&quot;normal&quot;,&quot;xl&quot;:&quot;normal&quot;},&quot;bt_bb_align_&quot;:{&quot;current_class&quot;:&quot;bt_bb_align_inherit&quot;,&quot;def&quot;:&quot;inherit&quot;,&quot;xl&quot;:&quot;inherit&quot;}}\"><h2 class=\"bt_bb_headline_tag\"><span class=\"bt_bb_headline_content\"><span><strong> Why is Pedimed a good decision <\/strong><\/span><\/span><\/h2><\/header><div class=\"bt_bb_separator bt_bb_border_style_none bt_bb_top_spacing_small bt_bb_bottom_spacing_small\" data-bt-override-class=\"null\"><\/div><div class=\"bt_bb_tabs bt_bb_style_simple bt_bb_shape_square\" data-bt-override-class=\"{}\"><ul class=\"bt_bb_tabs_header\"><li><span>Why choose Pedimed<\/span><\/li><li><span>Good results from our practice<\/span><\/li><\/ul><div class=\"bt_bb_tabs_tabs\"><div class=\"bt_bb_tab_item\">\r\n\t\t\t<div class=\"bt_bb_tab_content\"><div  class=\"bt_bb_text\" ><\/p>\n<ul>\n<li>Because we are certified professional and love professional<\/li>\n<li>Because we treat everyone individually<\/li>\n<li>Because we manage everything in a file and pictorial way<\/li>\n<li>Because our goal is to solve problems and pain as soon as possible<\/li>\n<li>Because we work only on the most modern equipment and with the most modern methods and techniques<\/li>\n<li>Because everyone at the Pedimed Center is constantly educating themselves<\/li>\n<li>Because we have the best service<\/li>\n<li>Because we want to help people to be fearless<\/li>\n<li>Because we set goals together<\/li>\n<li>Because all instruments are under strict control of surgical sterility<\/li>\n<\/ul>\n<p>\n<\/div><\/div>\r\n\t\t<\/div><div class=\"bt_bb_tab_item\">\r\n\t\t\t<div class=\"bt_bb_tab_content\"><div  class=\"bt_bb_text\" ><\/p>\n<ul>\n<li>1. in Slovenia by repairing ingrown nails with a 3TO clip<\/li>\n<li>1. performed photodynamic therapies in Slovenia<\/li>\n<li>15+ years of experience in medical pedicure and education abroad<\/li>\n<li>Collaborations with doctors who send their patients to us<\/li>\n<li>Examined more than 25,000 feet!<\/li>\n<li>100% the right decision for the Pedimed Center!<\/li>\n<li>A good reputation spread to all parts of Slovenia and even abroad<\/li>\n<li>We take care of the feet of the best basketball players, runners and hockey players<\/li>\n<li>We proudly take care of the feet of national football champions &#8211; \u017dNK Olimpija!<\/li>\n<\/ul>\n<p>\n<\/div><\/div>\r\n\t\t<\/div><\/div><\/div><\/div><\/div><\/div><\/div><\/div><\/div><!-- cell_inner --><\/div><!-- cell --><\/div><!-- port --><\/section><section id=\"bt_bb_section69e384cde7573\" class=\"bt_bb_section bt_bb_layout_wide bt_bb_vertical_align_top bt_bb_top_spacing_small bt_bb_pull_in_from_side_large\"  data-bt-override-class=\"null\"><div class=\"bt_bb_port\"><div class=\"bt_bb_cell\"><div class=\"bt_bb_cell_inner\"><div class=\"bt_bb_row \"  data-bt-override-class=\"{}\"><div class=\"bt_bb_row_holder\" ><div  class=\"bt_bb_column col-xxl-12 col-xl-12 bt_bb_vertical_align_top bt_bb_align_center bt_bb_padding_normal bt_bb_animation_fade_in zoom_out animate\" style=\"; --column-width:12;\" data-width=\"12\" data-bt-override-class=\"{}\"><div class=\"bt_bb_column_content\"><div class=\"bt_bb_column_content_inner\"><div class=\"bt_bb_separator bt_bb_border_style_none bt_bb_top_spacing_normal\" data-bt-override-class=\"null\"><\/div><div class=\"bt_bb_button bt_bb_color_scheme_11 bt_bb_icon_position_left bt_bb_style_filled bt_bb_size_normal bt_bb_width_inline bt_bb_shape_inherit bt_bb_target_self bt_bb_align_inherit\" style=\"min-width: 135px;; --primary-color:#ffffff; --secondary-color:#004b4a;\" data-bt-override-class=\"{&quot;bt_bb_size_&quot;:{&quot;current_class&quot;:&quot;bt_bb_size_normal&quot;,&quot;def&quot;:&quot;normal&quot;,&quot;xl&quot;:&quot;normal&quot;},&quot;bt_bb_align_&quot;:{&quot;current_class&quot;:&quot;bt_bb_align_inherit&quot;,&quot;def&quot;:&quot;inherit&quot;,&quot;xl&quot;:&quot;inherit&quot;}}\"><a href=\"tel:080%2012%2014\" target=\"_self\" class=\"bt_bb_link\" title=\"CALL 080 12 14\"><span class=\"bt_bb_button_text\" >CALL 080 12 14<\/span><span  data-ico-fontawesome=\"&#xf095;\" class=\"bt_bb_icon_holder\"><\/span><\/a><\/div><div class=\"bt_bb_button bt_bb_color_scheme_6 bt_bb_icon_position_left bt_bb_style_filled bt_bb_size_normal bt_bb_width_inline bt_bb_shape_inherit bt_bb_target_self bt_bb_align_inherit\" style=\"min-width: 135px;; --primary-color:#ffffff; --secondary-color:#6db2b2;\" data-bt-override-class=\"{&quot;bt_bb_size_&quot;:{&quot;current_class&quot;:&quot;bt_bb_size_normal&quot;,&quot;def&quot;:&quot;normal&quot;,&quot;xl&quot;:&quot;normal&quot;},&quot;bt_bb_align_&quot;:{&quot;current_class&quot;:&quot;bt_bb_align_inherit&quot;,&quot;def&quot;:&quot;inherit&quot;,&quot;xl&quot;:&quot;inherit&quot;}}\"><a href=\"https:\/\/form.lime-booking.com\/sl\/Pedimed\" target=\"_self\" class=\"bt_bb_link\" title=\"BOOK AN APPOINTMENT\"><span class=\"bt_bb_button_text\" >BOOK AN APPOINTMENT<\/span><\/a><\/div><\/div><\/div><\/div><\/div><\/div><\/div><!-- cell_inner --><\/div><!-- cell --><\/div><!-- port --><\/section><\/p>\n","protected":false},"excerpt":{"rendered":"","protected":false},"author":1,"featured_media":0,"parent":0,"menu_order":0,"comment_status":"closed","ping_status":"closed","template":"","meta":{"footnotes":""},"class_list":["post-8377","page","type-page","status-publish","hentry"],"yoast_head":"<!-- This site is optimized with the Yoast SEO plugin v27.4 - https:\/\/yoast.com\/product\/yoast-seo-wordpress\/ -->\n<title>Centre Pedimed - Mission - Foundation - Vision - Goal and motivation<\/title>\n<meta name=\"description\" content=\"PEDIMED, medical feet care, d.o.o., Ljubljana \u0160i\u0161ka, Ljubljana Be\u017eigrad, Novo mesto, E-mail: info@pedimed.si, Phone: 080 12 14\" \/>\n<meta name=\"robots\" content=\"noindex, follow, max-snippet:-1, max-image-preview:large, max-video-preview:-1\" \/>\n<meta property=\"og:locale\" content=\"en_US\" \/>\n<meta property=\"og:type\" content=\"article\" \/>\n<meta property=\"og:title\" content=\"Centre Pedimed - Mission - Foundation - Vision - Goal and motivation\" \/>\n<meta property=\"og:description\" content=\"PEDIMED, medical feet care, d.o.o., Ljubljana \u0160i\u0161ka, Ljubljana Be\u017eigrad, Novo mesto, E-mail: info@pedimed.si, Phone: 080 12 14\" \/>\n<meta property=\"og:url\" content=\"https:\/\/arhiv.pedimed.si\/en\/about-us\/\" \/>\n<meta property=\"og:site_name\" content=\"Medicinska nega nog\" \/>\n<meta property=\"article:modified_time\" content=\"2021-06-13T20:48:26+00:00\" \/>\n<meta name=\"twitter:card\" content=\"summary_large_image\" \/>\n<meta name=\"twitter:label1\" content=\"Est. reading time\" \/>\n\t<meta name=\"twitter:data1\" content=\"7 minutes\" \/>\n<script type=\"application\/ld+json\" class=\"yoast-schema-graph\">{\"@context\":\"https:\\\/\\\/schema.org\",\"@graph\":[{\"@type\":\"WebPage\",\"@id\":\"https:\\\/\\\/arhiv.pedimed.si\\\/en\\\/about-us\\\/\",\"url\":\"https:\\\/\\\/arhiv.pedimed.si\\\/en\\\/about-us\\\/\",\"name\":\"Centre Pedimed - Mission - Foundation - Vision - Goal and motivation\",\"isPartOf\":{\"@id\":\"https:\\\/\\\/arhiv.pedimed.si\\\/en\\\/#website\"},\"datePublished\":\"2021-05-26T19:35:48+00:00\",\"dateModified\":\"2021-06-13T20:48:26+00:00\",\"description\":\"PEDIMED, medical feet care, d.o.o., Ljubljana \u0160i\u0161ka, Ljubljana Be\u017eigrad, Novo mesto, E-mail: info@pedimed.si, Phone: 080 12 14\",\"breadcrumb\":{\"@id\":\"https:\\\/\\\/arhiv.pedimed.si\\\/en\\\/about-us\\\/#breadcrumb\"},\"inLanguage\":\"en-US\",\"potentialAction\":[{\"@type\":\"ReadAction\",\"target\":[\"https:\\\/\\\/arhiv.pedimed.si\\\/en\\\/about-us\\\/\"]}]},{\"@type\":\"BreadcrumbList\",\"@id\":\"https:\\\/\\\/arhiv.pedimed.si\\\/en\\\/about-us\\\/#breadcrumb\",\"itemListElement\":[{\"@type\":\"ListItem\",\"position\":1,\"name\":\"Center Pedimed\",\"item\":\"https:\\\/\\\/arhiv.pedimed.si\\\/en\\\/\"},{\"@type\":\"ListItem\",\"position\":2,\"name\":\"About us\"}]},{\"@type\":\"WebSite\",\"@id\":\"https:\\\/\\\/arhiv.pedimed.si\\\/en\\\/#website\",\"url\":\"https:\\\/\\\/arhiv.pedimed.si\\\/en\\\/\",\"name\":\"Medicinska nega nog\",\"description\":\"Center Pedimed\",\"publisher\":{\"@id\":\"https:\\\/\\\/arhiv.pedimed.si\\\/en\\\/#organization\"},\"potentialAction\":[{\"@type\":\"SearchAction\",\"target\":{\"@type\":\"EntryPoint\",\"urlTemplate\":\"https:\\\/\\\/arhiv.pedimed.si\\\/en\\\/?s={search_term_string}\"},\"query-input\":{\"@type\":\"PropertyValueSpecification\",\"valueRequired\":true,\"valueName\":\"search_term_string\"}}],\"inLanguage\":\"en-US\"},{\"@type\":\"Organization\",\"@id\":\"https:\\\/\\\/arhiv.pedimed.si\\\/en\\\/#organization\",\"name\":\"Center Pedimed\",\"url\":\"https:\\\/\\\/arhiv.pedimed.si\\\/en\\\/\",\"logo\":{\"@type\":\"ImageObject\",\"inLanguage\":\"en-US\",\"@id\":\"https:\\\/\\\/arhiv.pedimed.si\\\/en\\\/#\\\/schema\\\/logo\\\/image\\\/\",\"url\":\"https:\\\/\\\/arhiv.pedimed.si\\\/wp-content\\\/uploads\\\/2021\\\/04\\\/Center-pedimed-logo.png\",\"contentUrl\":\"https:\\\/\\\/arhiv.pedimed.si\\\/wp-content\\\/uploads\\\/2021\\\/04\\\/Center-pedimed-logo.png\",\"width\":454,\"height\":191,\"caption\":\"Center Pedimed\"},\"image\":{\"@id\":\"https:\\\/\\\/arhiv.pedimed.si\\\/en\\\/#\\\/schema\\\/logo\\\/image\\\/\"}}]}<\/script>\n<!-- \/ Yoast SEO plugin. -->","yoast_head_json":{"title":"Centre Pedimed - Mission - Foundation - Vision - Goal and motivation","description":"PEDIMED, medical feet care, d.o.o., Ljubljana \u0160i\u0161ka, Ljubljana Be\u017eigrad, Novo mesto, E-mail: info@pedimed.si, Phone: 080 12 14","robots":{"index":"noindex","follow":"follow","max-snippet":"max-snippet:-1","max-image-preview":"max-image-preview:large","max-video-preview":"max-video-preview:-1"},"og_locale":"en_US","og_type":"article","og_title":"Centre Pedimed - Mission - Foundation - Vision - Goal and motivation","og_description":"PEDIMED, medical feet care, d.o.o., Ljubljana \u0160i\u0161ka, Ljubljana Be\u017eigrad, Novo mesto, E-mail: info@pedimed.si, Phone: 080 12 14","og_url":"https:\/\/arhiv.pedimed.si\/en\/about-us\/","og_site_name":"Medicinska nega nog","article_modified_time":"2021-06-13T20:48:26+00:00","twitter_card":"summary_large_image","twitter_misc":{"Est. reading time":"7 minutes"},"schema":{"@context":"https:\/\/schema.org","@graph":[{"@type":"WebPage","@id":"https:\/\/arhiv.pedimed.si\/en\/about-us\/","url":"https:\/\/arhiv.pedimed.si\/en\/about-us\/","name":"Centre Pedimed - Mission - Foundation - Vision - Goal and motivation","isPartOf":{"@id":"https:\/\/arhiv.pedimed.si\/en\/#website"},"datePublished":"2021-05-26T19:35:48+00:00","dateModified":"2021-06-13T20:48:26+00:00","description":"PEDIMED, medical feet care, d.o.o., Ljubljana \u0160i\u0161ka, Ljubljana Be\u017eigrad, Novo mesto, E-mail: info@pedimed.si, Phone: 080 12 14","breadcrumb":{"@id":"https:\/\/arhiv.pedimed.si\/en\/about-us\/#breadcrumb"},"inLanguage":"en-US","potentialAction":[{"@type":"ReadAction","target":["https:\/\/arhiv.pedimed.si\/en\/about-us\/"]}]},{"@type":"BreadcrumbList","@id":"https:\/\/arhiv.pedimed.si\/en\/about-us\/#breadcrumb","itemListElement":[{"@type":"ListItem","position":1,"name":"Center Pedimed","item":"https:\/\/arhiv.pedimed.si\/en\/"},{"@type":"ListItem","position":2,"name":"About us"}]},{"@type":"WebSite","@id":"https:\/\/arhiv.pedimed.si\/en\/#website","url":"https:\/\/arhiv.pedimed.si\/en\/","name":"Medicinska nega nog","description":"Center Pedimed","publisher":{"@id":"https:\/\/arhiv.pedimed.si\/en\/#organization"},"potentialAction":[{"@type":"SearchAction","target":{"@type":"EntryPoint","urlTemplate":"https:\/\/arhiv.pedimed.si\/en\/?s={search_term_string}"},"query-input":{"@type":"PropertyValueSpecification","valueRequired":true,"valueName":"search_term_string"}}],"inLanguage":"en-US"},{"@type":"Organization","@id":"https:\/\/arhiv.pedimed.si\/en\/#organization","name":"Center Pedimed","url":"https:\/\/arhiv.pedimed.si\/en\/","logo":{"@type":"ImageObject","inLanguage":"en-US","@id":"https:\/\/arhiv.pedimed.si\/en\/#\/schema\/logo\/image\/","url":"https:\/\/arhiv.pedimed.si\/wp-content\/uploads\/2021\/04\/Center-pedimed-logo.png","contentUrl":"https:\/\/arhiv.pedimed.si\/wp-content\/uploads\/2021\/04\/Center-pedimed-logo.png","width":454,"height":191,"caption":"Center Pedimed"},"image":{"@id":"https:\/\/arhiv.pedimed.si\/en\/#\/schema\/logo\/image\/"}}]}},"_links":{"self":[{"href":"https:\/\/arhiv.pedimed.si\/en\/wp-json\/wp\/v2\/pages\/8377","targetHints":{"allow":["GET"]}}],"collection":[{"href":"https:\/\/arhiv.pedimed.si\/en\/wp-json\/wp\/v2\/pages"}],"about":[{"href":"https:\/\/arhiv.pedimed.si\/en\/wp-json\/wp\/v2\/types\/page"}],"author":[{"embeddable":true,"href":"https:\/\/arhiv.pedimed.si\/en\/wp-json\/wp\/v2\/users\/1"}],"replies":[{"embeddable":true,"href":"https:\/\/arhiv.pedimed.si\/en\/wp-json\/wp\/v2\/comments?post=8377"}],"version-history":[{"count":0,"href":"https:\/\/arhiv.pedimed.si\/en\/wp-json\/wp\/v2\/pages\/8377\/revisions"}],"wp:attachment":[{"href":"https:\/\/arhiv.pedimed.si\/en\/wp-json\/wp\/v2\/media?parent=8377"}],"curies":[{"name":"wp","href":"https:\/\/api.w.org\/{rel}","templated":true}]}}