{"id":8487,"date":"2021-05-20T12:07:32","date_gmt":"2021-05-20T10:07:32","guid":{"rendered":"https:\/\/pedimed.si\/sanacija-vrascenega-nohta-pri-otrocih\/"},"modified":"2021-06-15T21:20:00","modified_gmt":"2021-06-15T19:20:00","slug":"tretman-uraslog-nokta-kod-djece","status":"publish","type":"page","link":"https:\/\/arhiv.pedimed.si\/hr\/tretman-uraslog-nokta-kod-djece\/","title":{"rendered":"Tretman uraslog nokta kod djece"},"content":{"rendered":"<p><section id=\"bt_bb_section69e5fe9091d02\" class=\"bt_bb_section bt_bb_layout_boxed_1200 bt_bb_vertical_align_top bt_bb_background_overlay_light_gradient bt_bb_top_spacing_medium bt_bb_bottom_spacing_large\"  data-bt-override-class=\"null\"><div class=\"bt_bb_background_image_holder_wrapper\"><div class=\"bt_bb_background_image_holder btLazyLoadBackground\"  data-background_image_src=\"https:\/\/arhiv.pedimed.si\/wp-content\/uploads\/2021\/06\/Sanacija-vrascenih-problematicnih-nohtov.jpg\" data-parallax-zoom-start=\"1\" data-parallax-zoom-end=\"1\" data-parallax-blur-start=\"0\" data-parallax-blur-end=\"0\" data-parallax-opacity-start=\"1\" data-parallax-opacity-end=\"1\" style=\" background-image: url(&#039;https:\/\/arhiv.pedimed.si\/wp-content\/plugins\/bold-page-builder\/img\/blank.gif&#039;);\"><\/div><\/div><div class=\"bt_bb_port\"><div class=\"bt_bb_cell\"><div class=\"bt_bb_cell_inner\"><div class=\"bt_bb_row \"  data-bt-override-class=\"{}\"><div class=\"bt_bb_row_holder\" ><div  class=\"bt_bb_column col-xxl-6 col-xl-6 bt_bb_vertical_align_top bt_bb_align_left bt_bb_padding_normal bt_bb_animation_fade_in zoom_out animate\" style=\"; --column-width:6;\" data-width=\"6\" data-bt-override-class=\"{}\"><div class=\"bt_bb_column_content\"><div class=\"bt_bb_column_content_inner\"><header class=\"bt_bb_headline bt_bb_dash_bottom bt_bb_superheadline bt_bb_size_normal bt_bb_align_inherit\" data-bt-override-class=\"{&quot;bt_bb_size_&quot;:{&quot;current_class&quot;:&quot;bt_bb_size_normal&quot;,&quot;def&quot;:&quot;normal&quot;,&quot;xl&quot;:&quot;normal&quot;},&quot;bt_bb_align_&quot;:{&quot;current_class&quot;:&quot;bt_bb_align_inherit&quot;,&quot;def&quot;:&quot;inherit&quot;,&quot;xl&quot;:&quot;inherit&quot;}}\"><h1 class=\"bt_bb_headline_tag\"><span class=\"bt_bb_headline_superheadline\">Uspje\u0161ne i bezbolne terapije kod djece s problemima urastanja noktiju<\/span><span class=\"bt_bb_headline_content\"><span><strong>Tretman uraslog nokta kod djece <\/strong><\/span><\/span><\/h1><\/header><div class=\"bt_bb_separator bt_bb_border_style_none bt_bb_top_spacing_small bt_bb_bottom_spacing_extra_small\" data-bt-override-class=\"null\"><\/div><div  class=\"bt_bb_text\" ><\/p>\n<p>\u010cak i djeca mogu imati problema s uraslim noktima i bolovima. U tu svrhu pripremili smo bezbolnu terapiju za djecu s posebnim 3TO spajalicama, namijenjenim djeci.<\/p>\n<p>\n<\/div><div class=\"bt_bb_separator bt_bb_border_style_solid bt_bb_top_spacing_medium bt_bb_bottom_spacing_normal\" data-bt-override-class=\"null\"><\/div><div class=\"bt_bb_content_slider bt_bb_gap_small bt_bb_arrows_size_no_arrows bt_bb_show_dots_hide bt_bb_height_auto bt_bb_animation_slide bt_bb_multiple_slides bt_bb_animation_slide animate\" data-bt-override-class=\"{}\"><div class=\"slick-slider\"  data-slick='{ \"lazyLoad\": \"progressive\", \"cssEase\": \"ease-out\", \"speed\": \"600\", \"accessibility\": false, \"arrows\": false, \"adaptiveHeight\": true,\"autoplay\": true, \"autoplaySpeed\": 2500,\"slidesToShow\": 2, \"responsive\": [{ \"breakpoint\": 481, \"settings\": { \"slidesToShow\": 1, \"slidesToScroll\": 1 } },{ \"breakpoint\": 769, \"settings\": { \"slidesToShow\": 2, \"slidesToScroll\": 2 } },{ \"breakpoint\": 993, \"settings\": { \"slidesToShow\": 2, \"slidesToScroll\": 2 } },{ \"breakpoint\": 1201, \"settings\": { \"slidesToShow\": 2, \"slidesToScroll\": 2 } },{ \"breakpoint\": 1401, \"settings\": { \"slidesToShow\": 2, \"slidesToScroll\": 2 } }]}' ><div class=\"bt_bb_content_slider_item\" style=\"\"><div class=\"bt_bb_content_slider_item_content content\"><div class=\"bt_bb_icon bt_bb_color_scheme_8 bt_bb_style_borderless bt_bb_size_large bt_bb_shape_circle bt_bb_align_inherit\" style=\"; --icon-primary-color:#004b4a; --icon-secondary-color:#ffffff;\" data-bt-override-class=\"null\"><span  data-ico-=\"&#x;\" class=\"bt_bb_icon_holder\"><\/span><\/div><div class=\"bt_bb_separator bt_bb_border_style_none bt_bb_bottom_spacing_small\" data-bt-override-class=\"null\"><\/div><header class=\"bt_bb_headline bt_bb_dash_none bt_bb_subheadline bt_bb_size_small bt_bb_align_inherit\" data-bt-override-class=\"{&quot;bt_bb_size_&quot;:{&quot;current_class&quot;:&quot;bt_bb_size_small&quot;,&quot;def&quot;:&quot;small&quot;,&quot;xl&quot;:&quot;small&quot;},&quot;bt_bb_align_&quot;:{&quot;current_class&quot;:&quot;bt_bb_align_inherit&quot;,&quot;def&quot;:&quot;inherit&quot;,&quot;xl&quot;:&quot;inherit&quot;}}\"><h4 class=\"bt_bb_headline_tag\"><span class=\"bt_bb_headline_content\"><span><strong> Besplatni pregled<br \/><br \/>\nza djecu <\/strong><\/span><\/span><\/h4><div class=\"bt_bb_headline_subheadline\">\u010cak je i kod male djece izuzetno va\u017ena pravilna njega i njega stopala. Roditelji trebaju biti uzor svojoj djeci kako bi izbjegli probleme u budu\u0107nosti. Zato nudimo besplatan pregled djece u PEDIMED centru.<\/div><\/header><\/div><\/div><div class=\"bt_bb_content_slider_item\" style=\"\"><div class=\"bt_bb_content_slider_item_content content\"><div class=\"bt_bb_icon bt_bb_color_scheme_8 bt_bb_style_borderless bt_bb_size_large bt_bb_shape_circle bt_bb_align_inherit\" style=\"; --icon-primary-color:#004b4a; --icon-secondary-color:#ffffff;\" data-bt-override-class=\"null\"><span  data-ico-=\"&#x;\" class=\"bt_bb_icon_holder\"><\/span><\/div><div class=\"bt_bb_separator bt_bb_border_style_none bt_bb_bottom_spacing_small\" data-bt-override-class=\"null\"><\/div><header class=\"bt_bb_headline bt_bb_dash_none bt_bb_subheadline bt_bb_size_small bt_bb_align_inherit\" data-bt-override-class=\"{&quot;bt_bb_size_&quot;:{&quot;current_class&quot;:&quot;bt_bb_size_small&quot;,&quot;def&quot;:&quot;small&quot;,&quot;xl&quot;:&quot;small&quot;},&quot;bt_bb_align_&quot;:{&quot;current_class&quot;:&quot;bt_bb_align_inherit&quot;,&quot;def&quot;:&quot;inherit&quot;,&quot;xl&quot;:&quot;inherit&quot;}}\"><h4 class=\"bt_bb_headline_tag\"><span class=\"bt_bb_headline_content\"><span><strong> Besplatni savjeti<br \/><br \/>\nza djecu <\/strong><\/span><\/span><\/h4><div class=\"bt_bb_headline_subheadline\">Mo\u017eete nas nazvati na besplatni broj 080 12 14 ili nas kontaktirati putem kontakt obrasca. Odaberite samo datum i mjesto (Ljubljana \u0160i\u0161ka, Ljubljana Be\u017eigrad ili Novo mesto).<\/div><\/header><\/div><\/div><\/div><\/div><\/div><\/div><\/div><div  class=\"bt_bb_column col-xxl-6 col-xl-6 bt_bb_vertical_align_top bt_bb_align_left bt_bb_padding_normal\" style=\"; --column-width:6;\" data-width=\"6\" data-bt-override-class=\"{}\"><div class=\"bt_bb_column_content\"><div class=\"bt_bb_column_content_inner\"><\/div><\/div><\/div><\/div><\/div><\/div><!-- cell_inner --><\/div><!-- cell --><\/div><!-- port --><\/section><section id=\"bt_bb_section69e5fe9093a2e\" class=\"bt_bb_section bt_bb_layout_boxed_1200 bt_bb_vertical_align_top bt_bb_top_spacing_medium\"  data-bt-override-class=\"null\"><div class=\"bt_bb_port\"><div class=\"bt_bb_cell\"><div class=\"bt_bb_cell_inner\"><div class=\"bt_bb_row \"  data-bt-override-class=\"{}\"><div class=\"bt_bb_row_holder\" ><div  class=\"bt_bb_column col-xxl-12 col-xl-12 col-xs-12 col-sm-12 col-md-12 col-lg-12 bt_bb_vertical_align_top bt_bb_align_left bt_bb_padding_normal\" style=\"; --column-width:12;\" data-width=\"12\" data-bt-override-class=\"{}\"><div class=\"bt_bb_column_content\"><div class=\"bt_bb_column_content_inner\"><header class=\"bt_bb_headline bt_bb_dash_bottom bt_bb_superheadline bt_bb_size_normal bt_bb_align_inherit\" data-bt-override-class=\"{&quot;bt_bb_size_&quot;:{&quot;current_class&quot;:&quot;bt_bb_size_normal&quot;,&quot;def&quot;:&quot;normal&quot;,&quot;xl&quot;:&quot;normal&quot;},&quot;bt_bb_align_&quot;:{&quot;current_class&quot;:&quot;bt_bb_align_inherit&quot;,&quot;def&quot;:&quot;inherit&quot;,&quot;xl&quot;:&quot;inherit&quot;}}\"><h2 class=\"bt_bb_headline_tag\"><span class=\"bt_bb_headline_superheadline\">Iz na\u0161e prakse<\/span><span class=\"bt_bb_headline_content\"><span><strong> Popravite probleme s noktima i stopalima kod djece <\/strong><\/span><\/span><\/h2><\/header><div  class=\"bt_bb_text\" ><\/p>\n<p><img loading=\"lazy\" decoding=\"async\" class=\"alignleft wp-image-6806\" src=\"http:\/\/arhiv.pedimed.si\/wp-content\/uploads\/2021\/05\/nega_nog_za_otroke.png\" alt=\"nega nog za otroke\" width=\"167\" height=\"250\" \/><\/p>\n<p>Ako na\u0161a djeca imaju problema s upaljenim noktima na nogama, odmah treba poduzeti mjere jer bol mo\u017ee jo\u0161 vi\u0161e rasti.<\/p>\n<p>Ne samo odrasli ve\u0107 i djeca imaju problema s urastanjem noktiju.<\/p>\n<p>S 3TO kop\u010dom za djecu uspje\u0161no i bezbolno izvodimo terapije za djecu s urastanim problemima noktiju.<\/p>\n<p>Ve\u0107 smo pregledali stotine sitnih stopala i noktiju u Pedimed centru i najve\u0107e nam je zadovoljstvo pomo\u0107i djeci.<\/p>\n<p>Mo\u017eete nas nazvati na telefonski broj 080 12 14 i dogovoriti termin pregleda ili savjetovanja za svoje dijete na odabranom mjestu (u Ljubljani iza Be\u017eigrada i u \u0160i\u0161ki te u Novom mjestu).<\/p>\n<p>\n<\/div><\/div><\/div><\/div><\/div><\/div><\/div><!-- cell_inner --><\/div><!-- cell --><\/div><!-- port --><\/section><section id=\"bt_bb_section69e5fe90940c9\" class=\"bt_bb_section bt_bb_layout_boxed_1200 bt_bb_vertical_align_top bt_bb_top_spacing_extra_small bt_bb_pull_in_from_side_large\"  data-bt-override-class=\"null\"><div class=\"bt_bb_port\"><div class=\"bt_bb_cell\"><div class=\"bt_bb_cell_inner\"><div class=\"bt_bb_row \"  data-bt-override-class=\"{}\"><div class=\"bt_bb_row_holder\" ><div  class=\"bt_bb_column col-xxl-12 col-xl-12 bt_bb_vertical_align_top bt_bb_align_center bt_bb_padding_normal bt_bb_animation_fade_in zoom_out animate\" style=\"; --column-width:12;\" data-width=\"12\" data-bt-override-class=\"{}\"><div class=\"bt_bb_column_content\"><div class=\"bt_bb_column_content_inner\"><div class=\"bt_bb_separator bt_bb_border_style_none bt_bb_top_spacing_normal\" data-bt-override-class=\"null\"><\/div><div class=\"bt_bb_button bt_bb_color_scheme_11 bt_bb_icon_position_left bt_bb_style_filled bt_bb_size_normal bt_bb_width_inline bt_bb_shape_inherit bt_bb_target_self bt_bb_align_inherit\" style=\"min-width: 135px;; --primary-color:#ffffff; --secondary-color:#004b4a;\" data-bt-override-class=\"{&quot;bt_bb_size_&quot;:{&quot;current_class&quot;:&quot;bt_bb_size_normal&quot;,&quot;def&quot;:&quot;normal&quot;,&quot;xl&quot;:&quot;normal&quot;},&quot;bt_bb_align_&quot;:{&quot;current_class&quot;:&quot;bt_bb_align_inherit&quot;,&quot;def&quot;:&quot;inherit&quot;,&quot;xl&quot;:&quot;inherit&quot;}}\"><a href=\"tel:080%2012%2014\" target=\"_self\" class=\"bt_bb_link\" title=\"NAZOVITE 080 12 14\"><span class=\"bt_bb_button_text\" >NAZOVITE 080 12 14<\/span><span  data-ico-fontawesome=\"&#xf095;\" class=\"bt_bb_icon_holder\"><\/span><\/a><\/div><div class=\"bt_bb_button bt_bb_color_scheme_6 bt_bb_icon_position_left bt_bb_style_filled bt_bb_size_normal bt_bb_width_inline bt_bb_shape_inherit bt_bb_target_self bt_bb_align_inherit\" style=\"min-width: 135px;; --primary-color:#ffffff; --secondary-color:#6db2b2;\" data-bt-override-class=\"{&quot;bt_bb_size_&quot;:{&quot;current_class&quot;:&quot;bt_bb_size_normal&quot;,&quot;def&quot;:&quot;normal&quot;,&quot;xl&quot;:&quot;normal&quot;},&quot;bt_bb_align_&quot;:{&quot;current_class&quot;:&quot;bt_bb_align_inherit&quot;,&quot;def&quot;:&quot;inherit&quot;,&quot;xl&quot;:&quot;inherit&quot;}}\"><a href=\"https:\/\/form.lime-booking.com\/sl\/Pedimed\" target=\"_self\" class=\"bt_bb_link\" title=\"REZERVIRAJTE TERMIN\"><span class=\"bt_bb_button_text\" >REZERVIRAJTE TERMIN<\/span><\/a><\/div><\/div><\/div><\/div><\/div><\/div><\/div><!-- cell_inner --><\/div><!-- cell --><\/div><!-- port --><\/section><\/p>\n","protected":false},"excerpt":{"rendered":"","protected":false},"author":1,"featured_media":0,"parent":0,"menu_order":0,"comment_status":"closed","ping_status":"closed","template":"","meta":{"footnotes":""},"class_list":["post-8487","page","type-page","status-publish","hentry"],"yoast_head":"<!-- This site is optimized with the Yoast SEO plugin v27.4 - https:\/\/yoast.com\/product\/yoast-seo-wordpress\/ -->\n<title>Tretman uraslog nokta kod djece | Dobrodo\u0161li u Centru Pedimed<\/title>\n<meta name=\"description\" content=\"Tretman uraslog nokta kod djece je kadkad potrebno, kada djeca dolaze u probleme s uraslim noktima. U Centru Pedimed mo\u017eemo vam pomo\u010di.\" \/>\n<meta name=\"robots\" content=\"noindex, follow, max-snippet:-1, max-image-preview:large, max-video-preview:-1\" \/>\n<meta property=\"og:locale\" content=\"hr_HR\" \/>\n<meta property=\"og:type\" content=\"article\" \/>\n<meta property=\"og:title\" content=\"Tretman uraslog nokta kod djece | Dobrodo\u0161li u Centru Pedimed\" \/>\n<meta property=\"og:description\" content=\"Tretman uraslog nokta kod djece je kadkad potrebno, kada djeca dolaze u probleme s uraslim noktima. U Centru Pedimed mo\u017eemo vam pomo\u010di.\" \/>\n<meta property=\"og:url\" content=\"https:\/\/arhiv.pedimed.si\/hr\/tretman-uraslog-nokta-kod-djece\/\" \/>\n<meta property=\"og:site_name\" content=\"Medicinska nega nog\" \/>\n<meta property=\"article:modified_time\" content=\"2021-06-15T19:20:00+00:00\" \/>\n<meta property=\"og:image\" content=\"http:\/\/arhiv.pedimed.si\/wp-content\/uploads\/2021\/05\/nega_nog_za_otroke.png\" \/>\n<meta name=\"twitter:card\" content=\"summary_large_image\" \/>\n<meta name=\"twitter:label1\" content=\"Procijenjeno vrijeme \u010ditanja\" \/>\n\t<meta name=\"twitter:data1\" content=\"6 minuta\" \/>\n<script type=\"application\/ld+json\" class=\"yoast-schema-graph\">{\"@context\":\"https:\\\/\\\/schema.org\",\"@graph\":[{\"@type\":\"WebPage\",\"@id\":\"https:\\\/\\\/arhiv.pedimed.si\\\/hr\\\/tretman-uraslog-nokta-kod-djece\\\/\",\"url\":\"https:\\\/\\\/arhiv.pedimed.si\\\/hr\\\/tretman-uraslog-nokta-kod-djece\\\/\",\"name\":\"Tretman uraslog nokta kod djece | Dobrodo\u0161li u Centru Pedimed\",\"isPartOf\":{\"@id\":\"https:\\\/\\\/arhiv.pedimed.si\\\/hr\\\/#website\"},\"primaryImageOfPage\":{\"@id\":\"https:\\\/\\\/arhiv.pedimed.si\\\/hr\\\/tretman-uraslog-nokta-kod-djece\\\/#primaryimage\"},\"image\":{\"@id\":\"https:\\\/\\\/arhiv.pedimed.si\\\/hr\\\/tretman-uraslog-nokta-kod-djece\\\/#primaryimage\"},\"thumbnailUrl\":\"http:\\\/\\\/arhiv.pedimed.si\\\/wp-content\\\/uploads\\\/2021\\\/05\\\/nega_nog_za_otroke.png\",\"datePublished\":\"2021-05-20T10:07:32+00:00\",\"dateModified\":\"2021-06-15T19:20:00+00:00\",\"description\":\"Tretman uraslog nokta kod djece je kadkad potrebno, kada djeca dolaze u probleme s uraslim noktima. U Centru Pedimed mo\u017eemo vam pomo\u010di.\",\"breadcrumb\":{\"@id\":\"https:\\\/\\\/arhiv.pedimed.si\\\/hr\\\/tretman-uraslog-nokta-kod-djece\\\/#breadcrumb\"},\"inLanguage\":\"hr\",\"potentialAction\":[{\"@type\":\"ReadAction\",\"target\":[\"https:\\\/\\\/arhiv.pedimed.si\\\/hr\\\/tretman-uraslog-nokta-kod-djece\\\/\"]}]},{\"@type\":\"ImageObject\",\"inLanguage\":\"hr\",\"@id\":\"https:\\\/\\\/arhiv.pedimed.si\\\/hr\\\/tretman-uraslog-nokta-kod-djece\\\/#primaryimage\",\"url\":\"http:\\\/\\\/arhiv.pedimed.si\\\/wp-content\\\/uploads\\\/2021\\\/05\\\/nega_nog_za_otroke.png\",\"contentUrl\":\"http:\\\/\\\/arhiv.pedimed.si\\\/wp-content\\\/uploads\\\/2021\\\/05\\\/nega_nog_za_otroke.png\"},{\"@type\":\"BreadcrumbList\",\"@id\":\"https:\\\/\\\/arhiv.pedimed.si\\\/hr\\\/tretman-uraslog-nokta-kod-djece\\\/#breadcrumb\",\"itemListElement\":[{\"@type\":\"ListItem\",\"position\":1,\"name\":\"Center Pedimed\",\"item\":\"https:\\\/\\\/arhiv.pedimed.si\\\/hr\\\/\"},{\"@type\":\"ListItem\",\"position\":2,\"name\":\"Tretman uraslog nokta kod djece\"}]},{\"@type\":\"WebSite\",\"@id\":\"https:\\\/\\\/arhiv.pedimed.si\\\/hr\\\/#website\",\"url\":\"https:\\\/\\\/arhiv.pedimed.si\\\/hr\\\/\",\"name\":\"Medicinska nega nog\",\"description\":\"Center Pedimed\",\"publisher\":{\"@id\":\"https:\\\/\\\/arhiv.pedimed.si\\\/hr\\\/#organization\"},\"potentialAction\":[{\"@type\":\"SearchAction\",\"target\":{\"@type\":\"EntryPoint\",\"urlTemplate\":\"https:\\\/\\\/arhiv.pedimed.si\\\/hr\\\/?s={search_term_string}\"},\"query-input\":{\"@type\":\"PropertyValueSpecification\",\"valueRequired\":true,\"valueName\":\"search_term_string\"}}],\"inLanguage\":\"hr\"},{\"@type\":\"Organization\",\"@id\":\"https:\\\/\\\/arhiv.pedimed.si\\\/hr\\\/#organization\",\"name\":\"Center Pedimed\",\"url\":\"https:\\\/\\\/arhiv.pedimed.si\\\/hr\\\/\",\"logo\":{\"@type\":\"ImageObject\",\"inLanguage\":\"hr\",\"@id\":\"https:\\\/\\\/arhiv.pedimed.si\\\/hr\\\/#\\\/schema\\\/logo\\\/image\\\/\",\"url\":\"https:\\\/\\\/arhiv.pedimed.si\\\/wp-content\\\/uploads\\\/2021\\\/04\\\/Center-pedimed-logo.png\",\"contentUrl\":\"https:\\\/\\\/arhiv.pedimed.si\\\/wp-content\\\/uploads\\\/2021\\\/04\\\/Center-pedimed-logo.png\",\"width\":454,\"height\":191,\"caption\":\"Center Pedimed\"},\"image\":{\"@id\":\"https:\\\/\\\/arhiv.pedimed.si\\\/hr\\\/#\\\/schema\\\/logo\\\/image\\\/\"}}]}<\/script>\n<!-- \/ Yoast SEO plugin. -->","yoast_head_json":{"title":"Tretman uraslog nokta kod djece | Dobrodo\u0161li u Centru Pedimed","description":"Tretman uraslog nokta kod djece je kadkad potrebno, kada djeca dolaze u probleme s uraslim noktima. U Centru Pedimed mo\u017eemo vam pomo\u010di.","robots":{"index":"noindex","follow":"follow","max-snippet":"max-snippet:-1","max-image-preview":"max-image-preview:large","max-video-preview":"max-video-preview:-1"},"og_locale":"hr_HR","og_type":"article","og_title":"Tretman uraslog nokta kod djece | Dobrodo\u0161li u Centru Pedimed","og_description":"Tretman uraslog nokta kod djece je kadkad potrebno, kada djeca dolaze u probleme s uraslim noktima. U Centru Pedimed mo\u017eemo vam pomo\u010di.","og_url":"https:\/\/arhiv.pedimed.si\/hr\/tretman-uraslog-nokta-kod-djece\/","og_site_name":"Medicinska nega nog","article_modified_time":"2021-06-15T19:20:00+00:00","og_image":[{"url":"http:\/\/arhiv.pedimed.si\/wp-content\/uploads\/2021\/05\/nega_nog_za_otroke.png","type":"","width":"","height":""}],"twitter_card":"summary_large_image","twitter_misc":{"Procijenjeno vrijeme \u010ditanja":"6 minuta"},"schema":{"@context":"https:\/\/schema.org","@graph":[{"@type":"WebPage","@id":"https:\/\/arhiv.pedimed.si\/hr\/tretman-uraslog-nokta-kod-djece\/","url":"https:\/\/arhiv.pedimed.si\/hr\/tretman-uraslog-nokta-kod-djece\/","name":"Tretman uraslog nokta kod djece | Dobrodo\u0161li u Centru Pedimed","isPartOf":{"@id":"https:\/\/arhiv.pedimed.si\/hr\/#website"},"primaryImageOfPage":{"@id":"https:\/\/arhiv.pedimed.si\/hr\/tretman-uraslog-nokta-kod-djece\/#primaryimage"},"image":{"@id":"https:\/\/arhiv.pedimed.si\/hr\/tretman-uraslog-nokta-kod-djece\/#primaryimage"},"thumbnailUrl":"http:\/\/arhiv.pedimed.si\/wp-content\/uploads\/2021\/05\/nega_nog_za_otroke.png","datePublished":"2021-05-20T10:07:32+00:00","dateModified":"2021-06-15T19:20:00+00:00","description":"Tretman uraslog nokta kod djece je kadkad potrebno, kada djeca dolaze u probleme s uraslim noktima. U Centru Pedimed mo\u017eemo vam pomo\u010di.","breadcrumb":{"@id":"https:\/\/arhiv.pedimed.si\/hr\/tretman-uraslog-nokta-kod-djece\/#breadcrumb"},"inLanguage":"hr","potentialAction":[{"@type":"ReadAction","target":["https:\/\/arhiv.pedimed.si\/hr\/tretman-uraslog-nokta-kod-djece\/"]}]},{"@type":"ImageObject","inLanguage":"hr","@id":"https:\/\/arhiv.pedimed.si\/hr\/tretman-uraslog-nokta-kod-djece\/#primaryimage","url":"http:\/\/arhiv.pedimed.si\/wp-content\/uploads\/2021\/05\/nega_nog_za_otroke.png","contentUrl":"http:\/\/arhiv.pedimed.si\/wp-content\/uploads\/2021\/05\/nega_nog_za_otroke.png"},{"@type":"BreadcrumbList","@id":"https:\/\/arhiv.pedimed.si\/hr\/tretman-uraslog-nokta-kod-djece\/#breadcrumb","itemListElement":[{"@type":"ListItem","position":1,"name":"Center Pedimed","item":"https:\/\/arhiv.pedimed.si\/hr\/"},{"@type":"ListItem","position":2,"name":"Tretman uraslog nokta kod djece"}]},{"@type":"WebSite","@id":"https:\/\/arhiv.pedimed.si\/hr\/#website","url":"https:\/\/arhiv.pedimed.si\/hr\/","name":"Medicinska nega nog","description":"Center Pedimed","publisher":{"@id":"https:\/\/arhiv.pedimed.si\/hr\/#organization"},"potentialAction":[{"@type":"SearchAction","target":{"@type":"EntryPoint","urlTemplate":"https:\/\/arhiv.pedimed.si\/hr\/?s={search_term_string}"},"query-input":{"@type":"PropertyValueSpecification","valueRequired":true,"valueName":"search_term_string"}}],"inLanguage":"hr"},{"@type":"Organization","@id":"https:\/\/arhiv.pedimed.si\/hr\/#organization","name":"Center Pedimed","url":"https:\/\/arhiv.pedimed.si\/hr\/","logo":{"@type":"ImageObject","inLanguage":"hr","@id":"https:\/\/arhiv.pedimed.si\/hr\/#\/schema\/logo\/image\/","url":"https:\/\/arhiv.pedimed.si\/wp-content\/uploads\/2021\/04\/Center-pedimed-logo.png","contentUrl":"https:\/\/arhiv.pedimed.si\/wp-content\/uploads\/2021\/04\/Center-pedimed-logo.png","width":454,"height":191,"caption":"Center Pedimed"},"image":{"@id":"https:\/\/arhiv.pedimed.si\/hr\/#\/schema\/logo\/image\/"}}]}},"_links":{"self":[{"href":"https:\/\/arhiv.pedimed.si\/hr\/wp-json\/wp\/v2\/pages\/8487","targetHints":{"allow":["GET"]}}],"collection":[{"href":"https:\/\/arhiv.pedimed.si\/hr\/wp-json\/wp\/v2\/pages"}],"about":[{"href":"https:\/\/arhiv.pedimed.si\/hr\/wp-json\/wp\/v2\/types\/page"}],"author":[{"embeddable":true,"href":"https:\/\/arhiv.pedimed.si\/hr\/wp-json\/wp\/v2\/users\/1"}],"replies":[{"embeddable":true,"href":"https:\/\/arhiv.pedimed.si\/hr\/wp-json\/wp\/v2\/comments?post=8487"}],"version-history":[{"count":0,"href":"https:\/\/arhiv.pedimed.si\/hr\/wp-json\/wp\/v2\/pages\/8487\/revisions"}],"wp:attachment":[{"href":"https:\/\/arhiv.pedimed.si\/hr\/wp-json\/wp\/v2\/media?parent=8487"}],"curies":[{"name":"wp","href":"https:\/\/api.w.org\/{rel}","templated":true}]}}