{"id":10730,"date":"2022-02-12T16:52:23","date_gmt":"2022-02-12T15:52:23","guid":{"rendered":"https:\/\/pedimed.si\/?post_type=product&#038;p=10730"},"modified":"2025-01-09T09:51:31","modified_gmt":"2025-01-09T08:51:31","slug":"pedag-magic-step-plus","status":"publish","type":"product","link":"https:\/\/arhiv.pedimed.si\/hr\/izdelek\/pedag-magic-step-plus\/","title":{"rendered":"Pedag MAGIC STEP PLUS"},"content":{"rendered":"<p><strong>MAGIC STEP PLUS je spominska pena za lahko, mehko in udobno hojo.<\/strong><br \/>\nAnatomsko oblikovan vlo\u017eek s petnim oblazinjenjem. Podpora loka za spro\u0161\u010dena stopala.<br \/>\nUbla\u017ei obremenitve, razbremeni stopalo, varuje hrbtenico in sklepe.<br \/>\nVELIKOSTI : 36-46<\/p>\n","protected":false},"excerpt":{"rendered":"<p><strong>MAGIC STEP PLUS je spominska pena za lahko, mehko in udobno hojo.<\/strong><br \/>\nAnatomsko oblikovan vlo\u017eek s petnim oblazinjenjem. Podpora loka za spro\u0161\u010dena stopala. Ubla\u017ei obremenitve, razbremeni stopalo, varuje hrbtenico in sklepe.<\/p>\n","protected":false},"featured_media":10739,"template":"","meta":[],"product_brand":[],"product_cat":[15],"product_tag":[174],"class_list":{"0":"post-10730","1":"product","2":"type-product","3":"status-publish","4":"has-post-thumbnail","6":"product_cat-pripomocki-za-nego","7":"product_tag-vlozki-za-cevlje","9":"first","10":"instock","11":"taxable","12":"shipping-taxable","13":"purchasable","14":"product-type-variable"},"yoast_head":"<!-- This site is optimized with the Yoast SEO plugin v27.4 - https:\/\/yoast.com\/product\/yoast-seo-wordpress\/ -->\n<title>Pedag MAGIC STEP PLUS - Medicinska nega nog<\/title>\n<meta name=\"description\" content=\"MAGIC STEP PLUS vlo\u017eek za \u0107evlje ima znotraj spominsko peno za lahko, mehko in udobno hojo, ki ste je vredni.\" \/>\n<meta name=\"robots\" content=\"noindex, follow, max-snippet:-1, max-image-preview:large, max-video-preview:-1\" \/>\n<meta property=\"og:locale\" content=\"hr_HR\" \/>\n<meta property=\"og:type\" content=\"article\" \/>\n<meta property=\"og:title\" content=\"Pedag MAGIC STEP PLUS - Medicinska nega nog\" \/>\n<meta property=\"og:description\" content=\"MAGIC STEP PLUS vlo\u017eek za \u0107evlje ima znotraj spominsko peno za lahko, mehko in udobno hojo, ki ste je vredni.\" \/>\n<meta property=\"og:url\" content=\"https:\/\/arhiv.pedimed.si\/hr\/izdelek\/pedag-magic-step-plus\/\" \/>\n<meta property=\"og:site_name\" content=\"Medicinska nega nog\" \/>\n<meta property=\"article:modified_time\" content=\"2025-01-09T08:51:31+00:00\" \/>\n<meta property=\"og:image\" content=\"https:\/\/arhiv.pedimed.si\/wp-content\/uploads\/2022\/02\/pedag-vlozek-za-cevlje.jpg\" \/>\n\t<meta property=\"og:image:width\" content=\"800\" \/>\n\t<meta property=\"og:image:height\" content=\"800\" \/>\n\t<meta property=\"og:image:type\" content=\"image\/jpeg\" \/>\n<meta name=\"twitter:card\" content=\"summary_large_image\" \/>\n<meta name=\"twitter:label1\" content=\"Procijenjeno vrijeme \u010ditanja\" \/>\n\t<meta name=\"twitter:data1\" content=\"1 minuta\" \/>\n<script type=\"application\/ld+json\" class=\"yoast-schema-graph\">{\"@context\":\"https:\\\/\\\/schema.org\",\"@graph\":[{\"@type\":\"WebPage\",\"@id\":\"https:\\\/\\\/arhiv.pedimed.si\\\/hr\\\/izdelek\\\/pedag-magic-step-plus\\\/\",\"url\":\"https:\\\/\\\/arhiv.pedimed.si\\\/hr\\\/izdelek\\\/pedag-magic-step-plus\\\/\",\"name\":\"Pedag MAGIC STEP PLUS - Medicinska nega nog\",\"isPartOf\":{\"@id\":\"https:\\\/\\\/arhiv.pedimed.si\\\/hr\\\/#website\"},\"primaryImageOfPage\":{\"@id\":\"https:\\\/\\\/arhiv.pedimed.si\\\/hr\\\/izdelek\\\/pedag-magic-step-plus\\\/#primaryimage\"},\"image\":{\"@id\":\"https:\\\/\\\/arhiv.pedimed.si\\\/hr\\\/izdelek\\\/pedag-magic-step-plus\\\/#primaryimage\"},\"thumbnailUrl\":\"https:\\\/\\\/arhiv.pedimed.si\\\/wp-content\\\/uploads\\\/2022\\\/02\\\/pedag-vlozek-za-cevlje.jpg\",\"datePublished\":\"2022-02-12T15:52:23+00:00\",\"dateModified\":\"2025-01-09T08:51:31+00:00\",\"description\":\"MAGIC STEP PLUS vlo\u017eek za \u0107evlje ima znotraj spominsko peno za lahko, mehko in udobno hojo, ki ste je vredni.\",\"breadcrumb\":{\"@id\":\"https:\\\/\\\/arhiv.pedimed.si\\\/hr\\\/izdelek\\\/pedag-magic-step-plus\\\/#breadcrumb\"},\"inLanguage\":\"hr\",\"potentialAction\":[{\"@type\":\"ReadAction\",\"target\":[\"https:\\\/\\\/arhiv.pedimed.si\\\/hr\\\/izdelek\\\/pedag-magic-step-plus\\\/\"]}]},{\"@type\":\"ImageObject\",\"inLanguage\":\"hr\",\"@id\":\"https:\\\/\\\/arhiv.pedimed.si\\\/hr\\\/izdelek\\\/pedag-magic-step-plus\\\/#primaryimage\",\"url\":\"https:\\\/\\\/arhiv.pedimed.si\\\/wp-content\\\/uploads\\\/2022\\\/02\\\/pedag-vlozek-za-cevlje.jpg\",\"contentUrl\":\"https:\\\/\\\/arhiv.pedimed.si\\\/wp-content\\\/uploads\\\/2022\\\/02\\\/pedag-vlozek-za-cevlje.jpg\",\"width\":800,\"height\":800,\"caption\":\"Novi vlo\u017eki\"},{\"@type\":\"BreadcrumbList\",\"@id\":\"https:\\\/\\\/arhiv.pedimed.si\\\/hr\\\/izdelek\\\/pedag-magic-step-plus\\\/#breadcrumb\",\"itemListElement\":[{\"@type\":\"ListItem\",\"position\":1,\"name\":\"Center Pedimed\",\"item\":\"https:\\\/\\\/arhiv.pedimed.si\\\/hr\\\/\"},{\"@type\":\"ListItem\",\"position\":2,\"name\":\"Trgovina\",\"item\":\"https:\\\/\\\/arhiv.pedimed.si\\\/trgovina\\\/\"},{\"@type\":\"ListItem\",\"position\":3,\"name\":\"Pedag MAGIC STEP PLUS\"}]},{\"@type\":\"WebSite\",\"@id\":\"https:\\\/\\\/arhiv.pedimed.si\\\/hr\\\/#website\",\"url\":\"https:\\\/\\\/arhiv.pedimed.si\\\/hr\\\/\",\"name\":\"Medicinska nega nog\",\"description\":\"Center Pedimed\",\"publisher\":{\"@id\":\"https:\\\/\\\/arhiv.pedimed.si\\\/hr\\\/#organization\"},\"potentialAction\":[{\"@type\":\"SearchAction\",\"target\":{\"@type\":\"EntryPoint\",\"urlTemplate\":\"https:\\\/\\\/arhiv.pedimed.si\\\/hr\\\/?s={search_term_string}\"},\"query-input\":{\"@type\":\"PropertyValueSpecification\",\"valueRequired\":true,\"valueName\":\"search_term_string\"}}],\"inLanguage\":\"hr\"},{\"@type\":\"Organization\",\"@id\":\"https:\\\/\\\/arhiv.pedimed.si\\\/hr\\\/#organization\",\"name\":\"Center Pedimed\",\"url\":\"https:\\\/\\\/arhiv.pedimed.si\\\/hr\\\/\",\"logo\":{\"@type\":\"ImageObject\",\"inLanguage\":\"hr\",\"@id\":\"https:\\\/\\\/arhiv.pedimed.si\\\/hr\\\/#\\\/schema\\\/logo\\\/image\\\/\",\"url\":\"https:\\\/\\\/arhiv.pedimed.si\\\/wp-content\\\/uploads\\\/2021\\\/04\\\/Center-pedimed-logo.png\",\"contentUrl\":\"https:\\\/\\\/arhiv.pedimed.si\\\/wp-content\\\/uploads\\\/2021\\\/04\\\/Center-pedimed-logo.png\",\"width\":454,\"height\":191,\"caption\":\"Center Pedimed\"},\"image\":{\"@id\":\"https:\\\/\\\/arhiv.pedimed.si\\\/hr\\\/#\\\/schema\\\/logo\\\/image\\\/\"}}]}<\/script>\n<!-- \/ Yoast SEO plugin. -->","yoast_head_json":{"title":"Pedag MAGIC STEP PLUS - Medicinska nega nog","description":"MAGIC STEP PLUS vlo\u017eek za \u0107evlje ima znotraj spominsko peno za lahko, mehko in udobno hojo, ki ste je vredni.","robots":{"index":"noindex","follow":"follow","max-snippet":"max-snippet:-1","max-image-preview":"max-image-preview:large","max-video-preview":"max-video-preview:-1"},"og_locale":"hr_HR","og_type":"article","og_title":"Pedag MAGIC STEP PLUS - Medicinska nega nog","og_description":"MAGIC STEP PLUS vlo\u017eek za \u0107evlje ima znotraj spominsko peno za lahko, mehko in udobno hojo, ki ste je vredni.","og_url":"https:\/\/arhiv.pedimed.si\/hr\/izdelek\/pedag-magic-step-plus\/","og_site_name":"Medicinska nega nog","article_modified_time":"2025-01-09T08:51:31+00:00","og_image":[{"width":800,"height":800,"url":"https:\/\/arhiv.pedimed.si\/wp-content\/uploads\/2022\/02\/pedag-vlozek-za-cevlje.jpg","type":"image\/jpeg"}],"twitter_card":"summary_large_image","twitter_misc":{"Procijenjeno vrijeme \u010ditanja":"1 minuta"},"schema":{"@context":"https:\/\/schema.org","@graph":[{"@type":"WebPage","@id":"https:\/\/arhiv.pedimed.si\/hr\/izdelek\/pedag-magic-step-plus\/","url":"https:\/\/arhiv.pedimed.si\/hr\/izdelek\/pedag-magic-step-plus\/","name":"Pedag MAGIC STEP PLUS - Medicinska nega nog","isPartOf":{"@id":"https:\/\/arhiv.pedimed.si\/hr\/#website"},"primaryImageOfPage":{"@id":"https:\/\/arhiv.pedimed.si\/hr\/izdelek\/pedag-magic-step-plus\/#primaryimage"},"image":{"@id":"https:\/\/arhiv.pedimed.si\/hr\/izdelek\/pedag-magic-step-plus\/#primaryimage"},"thumbnailUrl":"https:\/\/arhiv.pedimed.si\/wp-content\/uploads\/2022\/02\/pedag-vlozek-za-cevlje.jpg","datePublished":"2022-02-12T15:52:23+00:00","dateModified":"2025-01-09T08:51:31+00:00","description":"MAGIC STEP PLUS vlo\u017eek za \u0107evlje ima znotraj spominsko peno za lahko, mehko in udobno hojo, ki ste je vredni.","breadcrumb":{"@id":"https:\/\/arhiv.pedimed.si\/hr\/izdelek\/pedag-magic-step-plus\/#breadcrumb"},"inLanguage":"hr","potentialAction":[{"@type":"ReadAction","target":["https:\/\/arhiv.pedimed.si\/hr\/izdelek\/pedag-magic-step-plus\/"]}]},{"@type":"ImageObject","inLanguage":"hr","@id":"https:\/\/arhiv.pedimed.si\/hr\/izdelek\/pedag-magic-step-plus\/#primaryimage","url":"https:\/\/arhiv.pedimed.si\/wp-content\/uploads\/2022\/02\/pedag-vlozek-za-cevlje.jpg","contentUrl":"https:\/\/arhiv.pedimed.si\/wp-content\/uploads\/2022\/02\/pedag-vlozek-za-cevlje.jpg","width":800,"height":800,"caption":"Novi vlo\u017eki"},{"@type":"BreadcrumbList","@id":"https:\/\/arhiv.pedimed.si\/hr\/izdelek\/pedag-magic-step-plus\/#breadcrumb","itemListElement":[{"@type":"ListItem","position":1,"name":"Center Pedimed","item":"https:\/\/arhiv.pedimed.si\/hr\/"},{"@type":"ListItem","position":2,"name":"Trgovina","item":"https:\/\/arhiv.pedimed.si\/trgovina\/"},{"@type":"ListItem","position":3,"name":"Pedag MAGIC STEP PLUS"}]},{"@type":"WebSite","@id":"https:\/\/arhiv.pedimed.si\/hr\/#website","url":"https:\/\/arhiv.pedimed.si\/hr\/","name":"Medicinska nega nog","description":"Center Pedimed","publisher":{"@id":"https:\/\/arhiv.pedimed.si\/hr\/#organization"},"potentialAction":[{"@type":"SearchAction","target":{"@type":"EntryPoint","urlTemplate":"https:\/\/arhiv.pedimed.si\/hr\/?s={search_term_string}"},"query-input":{"@type":"PropertyValueSpecification","valueRequired":true,"valueName":"search_term_string"}}],"inLanguage":"hr"},{"@type":"Organization","@id":"https:\/\/arhiv.pedimed.si\/hr\/#organization","name":"Center Pedimed","url":"https:\/\/arhiv.pedimed.si\/hr\/","logo":{"@type":"ImageObject","inLanguage":"hr","@id":"https:\/\/arhiv.pedimed.si\/hr\/#\/schema\/logo\/image\/","url":"https:\/\/arhiv.pedimed.si\/wp-content\/uploads\/2021\/04\/Center-pedimed-logo.png","contentUrl":"https:\/\/arhiv.pedimed.si\/wp-content\/uploads\/2021\/04\/Center-pedimed-logo.png","width":454,"height":191,"caption":"Center Pedimed"},"image":{"@id":"https:\/\/arhiv.pedimed.si\/hr\/#\/schema\/logo\/image\/"}}]}},"_links":{"self":[{"href":"https:\/\/arhiv.pedimed.si\/hr\/wp-json\/wp\/v2\/product\/10730","targetHints":{"allow":["GET"]}}],"collection":[{"href":"https:\/\/arhiv.pedimed.si\/hr\/wp-json\/wp\/v2\/product"}],"about":[{"href":"https:\/\/arhiv.pedimed.si\/hr\/wp-json\/wp\/v2\/types\/product"}],"wp:featuredmedia":[{"embeddable":true,"href":"https:\/\/arhiv.pedimed.si\/hr\/wp-json\/wp\/v2\/media\/10739"}],"wp:attachment":[{"href":"https:\/\/arhiv.pedimed.si\/hr\/wp-json\/wp\/v2\/media?parent=10730"}],"wp:term":[{"taxonomy":"product_brand","embeddable":true,"href":"https:\/\/arhiv.pedimed.si\/hr\/wp-json\/wp\/v2\/product_brand?post=10730"},{"taxonomy":"product_cat","embeddable":true,"href":"https:\/\/arhiv.pedimed.si\/hr\/wp-json\/wp\/v2\/product_cat?post=10730"},{"taxonomy":"product_tag","embeddable":true,"href":"https:\/\/arhiv.pedimed.si\/hr\/wp-json\/wp\/v2\/product_tag?post=10730"}],"curies":[{"name":"wp","href":"https:\/\/api.w.org\/{rel}","templated":true}]}}