{"id":11978,"date":"2022-12-30T13:23:11","date_gmt":"2022-12-30T12:23:11","guid":{"rendered":"https:\/\/pedimed.si\/?post_type=product&#038;p=11978"},"modified":"2023-02-11T15:33:56","modified_gmt":"2023-02-11T14:33:56","slug":"podopharm-professional-manicure-pedicure-spa-vitaminski-fluid","status":"publish","type":"product","link":"https:\/\/arhiv.pedimed.si\/hr\/izdelek\/podopharm-professional-manicure-pedicure-spa-vitaminski-fluid\/","title":{"rendered":"Podopharm Professional Manicure pedicure spa vitaminski fluid"},"content":{"rendered":"<p><strong>Indikacije<\/strong>: za la\u017eje odstranjevanje zatrgane obnohtne ko\u017eice na rokah in nogah.<br \/>\n<strong>Delovanje<\/strong>: hitro in u\u010dinkovito zmeh\u010da in navla\u017ei obnohtno ko\u017eico in noht. Vsebuje jojobino olje, alantoin in gel aloe vere s pomirjevalnimi lastnostmi.<br \/>\n<strong>Uporaba<\/strong>: pripravek nanesite na nohte pustite delovati 3 minute. Nato odstranite ko\u017eico z ustreznim orodjem.<\/p>\n<p><strong>Sestavine (INCI):<\/strong> Aqua (water), Glycerin, Propylene Glycol, Trisodium Phosphate, Aloe Barbadensis Leaf Extract, Simmondsia Chinensis Seed Oil, Allantoin, Laureth-4, Acrylates\/C10-30 Alkyl Crosspolymer, Phenoxyethanol, Ethylhexylglycerin, Parfum, Isopropyl Alcohol, Benzophenone-4, Disodium EDTA, CI142090, CI19140.<br \/>\n<strong>Kapaciteta<\/strong>: 150ml<br \/>\n<strong>SAMO ZA SALONSKO UPORABO<\/strong><\/p>\n","protected":false},"excerpt":{"rendered":"<p><strong>Vitaminski fluid za odstranjevanje obnohtne ko\u017eice 150 ml<br \/>\n<\/strong><\/p>\n<p><b>SAMO ZA SALONSKO UPORABO<\/b><br \/>\n<!--\n\n\n<p class=\"wcb2b_login_message\"><a href=\"https:\/\/demo.woocommerce-b2b.com\/my-account\/\" data-abc=\"true\">Please, login to see prices and buy<\/a><\/p>\n\n\n--><\/p>\n<div class=\"card-text small mb-3\">\n<div class=\"text-muted small\"><\/div>\n<\/div>\n[wcb2bhiddenprices]\n","protected":false},"featured_media":11979,"template":"","meta":[],"product_brand":[],"product_cat":[233],"product_tag":[237],"class_list":{"0":"post-11978","1":"product","2":"type-product","3":"status-publish","4":"has-post-thumbnail","6":"product_cat-izdelki-za-salone","7":"product_tag-podopharm-professional","9":"first","10":"instock","11":"taxable","12":"shipping-taxable","13":"purchasable","14":"product-type-simple"},"yoast_head":"<!-- This site is optimized with the Yoast SEO plugin v27.4 - https:\/\/yoast.com\/product\/yoast-seo-wordpress\/ -->\n<title>Podopharm Professional Manicure pedicure spa vitaminski fluid - Medicinska nega nog<\/title>\n<meta name=\"description\" content=\"ll\u27a4 Vitaminski fluid za odstranjevanje obnohtne ko\u017eice \u27a4 Podopharm Professional \u2713 Pustite delovati 3 minute \u27a5 Vstopi v B2B Pedimed za salone\" \/>\n<meta name=\"robots\" content=\"noindex, follow, max-snippet:-1, max-image-preview:large, max-video-preview:-1\" \/>\n<meta property=\"og:locale\" content=\"hr_HR\" \/>\n<meta property=\"og:type\" content=\"article\" \/>\n<meta property=\"og:title\" content=\"Podopharm Professional Manicure pedicure spa vitaminski fluid - Medicinska nega nog\" \/>\n<meta property=\"og:description\" content=\"ll\u27a4 Vitaminski fluid za odstranjevanje obnohtne ko\u017eice \u27a4 Podopharm Professional \u2713 Pustite delovati 3 minute \u27a5 Vstopi v B2B Pedimed za salone\" \/>\n<meta property=\"og:url\" content=\"https:\/\/arhiv.pedimed.si\/hr\/izdelek\/podopharm-professional-manicure-pedicure-spa-vitaminski-fluid\/\" \/>\n<meta property=\"og:site_name\" content=\"Medicinska nega nog\" \/>\n<meta property=\"article:modified_time\" content=\"2023-02-11T14:33:56+00:00\" \/>\n<meta property=\"og:image\" content=\"https:\/\/arhiv.pedimed.si\/wp-content\/uploads\/2022\/12\/vitaminski-fluid.jpg\" \/>\n\t<meta property=\"og:image:width\" content=\"1000\" \/>\n\t<meta property=\"og:image:height\" content=\"1000\" \/>\n\t<meta property=\"og:image:type\" content=\"image\/jpeg\" \/>\n<meta name=\"twitter:card\" content=\"summary_large_image\" \/>\n<meta name=\"twitter:label1\" content=\"Procijenjeno vrijeme \u010ditanja\" \/>\n\t<meta name=\"twitter:data1\" content=\"1 minuta\" \/>\n<script type=\"application\/ld+json\" class=\"yoast-schema-graph\">{\"@context\":\"https:\\\/\\\/schema.org\",\"@graph\":[{\"@type\":\"WebPage\",\"@id\":\"https:\\\/\\\/arhiv.pedimed.si\\\/hr\\\/izdelek\\\/podopharm-professional-manicure-pedicure-spa-vitaminski-fluid\\\/\",\"url\":\"https:\\\/\\\/arhiv.pedimed.si\\\/hr\\\/izdelek\\\/podopharm-professional-manicure-pedicure-spa-vitaminski-fluid\\\/\",\"name\":\"Podopharm Professional Manicure pedicure spa vitaminski fluid - Medicinska nega nog\",\"isPartOf\":{\"@id\":\"https:\\\/\\\/arhiv.pedimed.si\\\/hr\\\/#website\"},\"primaryImageOfPage\":{\"@id\":\"https:\\\/\\\/arhiv.pedimed.si\\\/hr\\\/izdelek\\\/podopharm-professional-manicure-pedicure-spa-vitaminski-fluid\\\/#primaryimage\"},\"image\":{\"@id\":\"https:\\\/\\\/arhiv.pedimed.si\\\/hr\\\/izdelek\\\/podopharm-professional-manicure-pedicure-spa-vitaminski-fluid\\\/#primaryimage\"},\"thumbnailUrl\":\"https:\\\/\\\/arhiv.pedimed.si\\\/wp-content\\\/uploads\\\/2022\\\/12\\\/vitaminski-fluid.jpg\",\"datePublished\":\"2022-12-30T12:23:11+00:00\",\"dateModified\":\"2023-02-11T14:33:56+00:00\",\"description\":\"ll\u27a4 Vitaminski fluid za odstranjevanje obnohtne ko\u017eice \u27a4 Podopharm Professional \u2713 Pustite delovati 3 minute \u27a5 Vstopi v B2B Pedimed za salone\",\"breadcrumb\":{\"@id\":\"https:\\\/\\\/arhiv.pedimed.si\\\/hr\\\/izdelek\\\/podopharm-professional-manicure-pedicure-spa-vitaminski-fluid\\\/#breadcrumb\"},\"inLanguage\":\"hr\",\"potentialAction\":[{\"@type\":\"ReadAction\",\"target\":[\"https:\\\/\\\/arhiv.pedimed.si\\\/hr\\\/izdelek\\\/podopharm-professional-manicure-pedicure-spa-vitaminski-fluid\\\/\"]}]},{\"@type\":\"ImageObject\",\"inLanguage\":\"hr\",\"@id\":\"https:\\\/\\\/arhiv.pedimed.si\\\/hr\\\/izdelek\\\/podopharm-professional-manicure-pedicure-spa-vitaminski-fluid\\\/#primaryimage\",\"url\":\"https:\\\/\\\/arhiv.pedimed.si\\\/wp-content\\\/uploads\\\/2022\\\/12\\\/vitaminski-fluid.jpg\",\"contentUrl\":\"https:\\\/\\\/arhiv.pedimed.si\\\/wp-content\\\/uploads\\\/2022\\\/12\\\/vitaminski-fluid.jpg\",\"width\":1000,\"height\":1000,\"caption\":\"Vitaminski fluid za obnohtno kozico\"},{\"@type\":\"BreadcrumbList\",\"@id\":\"https:\\\/\\\/arhiv.pedimed.si\\\/hr\\\/izdelek\\\/podopharm-professional-manicure-pedicure-spa-vitaminski-fluid\\\/#breadcrumb\",\"itemListElement\":[{\"@type\":\"ListItem\",\"position\":1,\"name\":\"Center Pedimed\",\"item\":\"https:\\\/\\\/arhiv.pedimed.si\\\/hr\\\/\"},{\"@type\":\"ListItem\",\"position\":2,\"name\":\"Trgovina\",\"item\":\"https:\\\/\\\/arhiv.pedimed.si\\\/trgovina\\\/\"},{\"@type\":\"ListItem\",\"position\":3,\"name\":\"Podopharm Professional\",\"item\":\"https:\\\/\\\/arhiv.pedimed.si\\\/oznaka\\\/podopharm-professional\\\/\"},{\"@type\":\"ListItem\",\"position\":4,\"name\":\"Podopharm Professional Manicure pedicure spa vitaminski fluid\"}]},{\"@type\":\"WebSite\",\"@id\":\"https:\\\/\\\/arhiv.pedimed.si\\\/hr\\\/#website\",\"url\":\"https:\\\/\\\/arhiv.pedimed.si\\\/hr\\\/\",\"name\":\"Medicinska nega nog\",\"description\":\"Center Pedimed\",\"publisher\":{\"@id\":\"https:\\\/\\\/arhiv.pedimed.si\\\/hr\\\/#organization\"},\"potentialAction\":[{\"@type\":\"SearchAction\",\"target\":{\"@type\":\"EntryPoint\",\"urlTemplate\":\"https:\\\/\\\/arhiv.pedimed.si\\\/hr\\\/?s={search_term_string}\"},\"query-input\":{\"@type\":\"PropertyValueSpecification\",\"valueRequired\":true,\"valueName\":\"search_term_string\"}}],\"inLanguage\":\"hr\"},{\"@type\":\"Organization\",\"@id\":\"https:\\\/\\\/arhiv.pedimed.si\\\/hr\\\/#organization\",\"name\":\"Center Pedimed\",\"url\":\"https:\\\/\\\/arhiv.pedimed.si\\\/hr\\\/\",\"logo\":{\"@type\":\"ImageObject\",\"inLanguage\":\"hr\",\"@id\":\"https:\\\/\\\/arhiv.pedimed.si\\\/hr\\\/#\\\/schema\\\/logo\\\/image\\\/\",\"url\":\"https:\\\/\\\/arhiv.pedimed.si\\\/wp-content\\\/uploads\\\/2021\\\/04\\\/Center-pedimed-logo.png\",\"contentUrl\":\"https:\\\/\\\/arhiv.pedimed.si\\\/wp-content\\\/uploads\\\/2021\\\/04\\\/Center-pedimed-logo.png\",\"width\":454,\"height\":191,\"caption\":\"Center Pedimed\"},\"image\":{\"@id\":\"https:\\\/\\\/arhiv.pedimed.si\\\/hr\\\/#\\\/schema\\\/logo\\\/image\\\/\"}}]}<\/script>\n<!-- \/ Yoast SEO plugin. -->","yoast_head_json":{"title":"Podopharm Professional Manicure pedicure spa vitaminski fluid - Medicinska nega nog","description":"ll\u27a4 Vitaminski fluid za odstranjevanje obnohtne ko\u017eice \u27a4 Podopharm Professional \u2713 Pustite delovati 3 minute \u27a5 Vstopi v B2B Pedimed za salone","robots":{"index":"noindex","follow":"follow","max-snippet":"max-snippet:-1","max-image-preview":"max-image-preview:large","max-video-preview":"max-video-preview:-1"},"og_locale":"hr_HR","og_type":"article","og_title":"Podopharm Professional Manicure pedicure spa vitaminski fluid - Medicinska nega nog","og_description":"ll\u27a4 Vitaminski fluid za odstranjevanje obnohtne ko\u017eice \u27a4 Podopharm Professional \u2713 Pustite delovati 3 minute \u27a5 Vstopi v B2B Pedimed za salone","og_url":"https:\/\/arhiv.pedimed.si\/hr\/izdelek\/podopharm-professional-manicure-pedicure-spa-vitaminski-fluid\/","og_site_name":"Medicinska nega nog","article_modified_time":"2023-02-11T14:33:56+00:00","og_image":[{"width":1000,"height":1000,"url":"https:\/\/arhiv.pedimed.si\/wp-content\/uploads\/2022\/12\/vitaminski-fluid.jpg","type":"image\/jpeg"}],"twitter_card":"summary_large_image","twitter_misc":{"Procijenjeno vrijeme \u010ditanja":"1 minuta"},"schema":{"@context":"https:\/\/schema.org","@graph":[{"@type":"WebPage","@id":"https:\/\/arhiv.pedimed.si\/hr\/izdelek\/podopharm-professional-manicure-pedicure-spa-vitaminski-fluid\/","url":"https:\/\/arhiv.pedimed.si\/hr\/izdelek\/podopharm-professional-manicure-pedicure-spa-vitaminski-fluid\/","name":"Podopharm Professional Manicure pedicure spa vitaminski fluid - Medicinska nega nog","isPartOf":{"@id":"https:\/\/arhiv.pedimed.si\/hr\/#website"},"primaryImageOfPage":{"@id":"https:\/\/arhiv.pedimed.si\/hr\/izdelek\/podopharm-professional-manicure-pedicure-spa-vitaminski-fluid\/#primaryimage"},"image":{"@id":"https:\/\/arhiv.pedimed.si\/hr\/izdelek\/podopharm-professional-manicure-pedicure-spa-vitaminski-fluid\/#primaryimage"},"thumbnailUrl":"https:\/\/arhiv.pedimed.si\/wp-content\/uploads\/2022\/12\/vitaminski-fluid.jpg","datePublished":"2022-12-30T12:23:11+00:00","dateModified":"2023-02-11T14:33:56+00:00","description":"ll\u27a4 Vitaminski fluid za odstranjevanje obnohtne ko\u017eice \u27a4 Podopharm Professional \u2713 Pustite delovati 3 minute \u27a5 Vstopi v B2B Pedimed za salone","breadcrumb":{"@id":"https:\/\/arhiv.pedimed.si\/hr\/izdelek\/podopharm-professional-manicure-pedicure-spa-vitaminski-fluid\/#breadcrumb"},"inLanguage":"hr","potentialAction":[{"@type":"ReadAction","target":["https:\/\/arhiv.pedimed.si\/hr\/izdelek\/podopharm-professional-manicure-pedicure-spa-vitaminski-fluid\/"]}]},{"@type":"ImageObject","inLanguage":"hr","@id":"https:\/\/arhiv.pedimed.si\/hr\/izdelek\/podopharm-professional-manicure-pedicure-spa-vitaminski-fluid\/#primaryimage","url":"https:\/\/arhiv.pedimed.si\/wp-content\/uploads\/2022\/12\/vitaminski-fluid.jpg","contentUrl":"https:\/\/arhiv.pedimed.si\/wp-content\/uploads\/2022\/12\/vitaminski-fluid.jpg","width":1000,"height":1000,"caption":"Vitaminski fluid za obnohtno kozico"},{"@type":"BreadcrumbList","@id":"https:\/\/arhiv.pedimed.si\/hr\/izdelek\/podopharm-professional-manicure-pedicure-spa-vitaminski-fluid\/#breadcrumb","itemListElement":[{"@type":"ListItem","position":1,"name":"Center Pedimed","item":"https:\/\/arhiv.pedimed.si\/hr\/"},{"@type":"ListItem","position":2,"name":"Trgovina","item":"https:\/\/arhiv.pedimed.si\/trgovina\/"},{"@type":"ListItem","position":3,"name":"Podopharm Professional","item":"https:\/\/arhiv.pedimed.si\/oznaka\/podopharm-professional\/"},{"@type":"ListItem","position":4,"name":"Podopharm Professional Manicure pedicure spa vitaminski fluid"}]},{"@type":"WebSite","@id":"https:\/\/arhiv.pedimed.si\/hr\/#website","url":"https:\/\/arhiv.pedimed.si\/hr\/","name":"Medicinska nega nog","description":"Center Pedimed","publisher":{"@id":"https:\/\/arhiv.pedimed.si\/hr\/#organization"},"potentialAction":[{"@type":"SearchAction","target":{"@type":"EntryPoint","urlTemplate":"https:\/\/arhiv.pedimed.si\/hr\/?s={search_term_string}"},"query-input":{"@type":"PropertyValueSpecification","valueRequired":true,"valueName":"search_term_string"}}],"inLanguage":"hr"},{"@type":"Organization","@id":"https:\/\/arhiv.pedimed.si\/hr\/#organization","name":"Center Pedimed","url":"https:\/\/arhiv.pedimed.si\/hr\/","logo":{"@type":"ImageObject","inLanguage":"hr","@id":"https:\/\/arhiv.pedimed.si\/hr\/#\/schema\/logo\/image\/","url":"https:\/\/arhiv.pedimed.si\/wp-content\/uploads\/2021\/04\/Center-pedimed-logo.png","contentUrl":"https:\/\/arhiv.pedimed.si\/wp-content\/uploads\/2021\/04\/Center-pedimed-logo.png","width":454,"height":191,"caption":"Center Pedimed"},"image":{"@id":"https:\/\/arhiv.pedimed.si\/hr\/#\/schema\/logo\/image\/"}}]}},"_links":{"self":[{"href":"https:\/\/arhiv.pedimed.si\/hr\/wp-json\/wp\/v2\/product\/11978","targetHints":{"allow":["GET"]}}],"collection":[{"href":"https:\/\/arhiv.pedimed.si\/hr\/wp-json\/wp\/v2\/product"}],"about":[{"href":"https:\/\/arhiv.pedimed.si\/hr\/wp-json\/wp\/v2\/types\/product"}],"wp:featuredmedia":[{"embeddable":true,"href":"https:\/\/arhiv.pedimed.si\/hr\/wp-json\/wp\/v2\/media\/11979"}],"wp:attachment":[{"href":"https:\/\/arhiv.pedimed.si\/hr\/wp-json\/wp\/v2\/media?parent=11978"}],"wp:term":[{"taxonomy":"product_brand","embeddable":true,"href":"https:\/\/arhiv.pedimed.si\/hr\/wp-json\/wp\/v2\/product_brand?post=11978"},{"taxonomy":"product_cat","embeddable":true,"href":"https:\/\/arhiv.pedimed.si\/hr\/wp-json\/wp\/v2\/product_cat?post=11978"},{"taxonomy":"product_tag","embeddable":true,"href":"https:\/\/arhiv.pedimed.si\/hr\/wp-json\/wp\/v2\/product_tag?post=11978"}],"curies":[{"name":"wp","href":"https:\/\/api.w.org\/{rel}","templated":true}]}}