{"id":8536,"date":"2021-05-26T21:35:48","date_gmt":"2021-05-26T19:35:48","guid":{"rendered":"https:\/\/pedimed.si\/o-nas\/"},"modified":"2021-06-15T22:29:07","modified_gmt":"2021-06-15T20:29:07","slug":"chi-siamo","status":"publish","type":"page","link":"https:\/\/arhiv.pedimed.si\/it\/chi-siamo\/","title":{"rendered":"Chi siamo"},"content":{"rendered":"<p><section id=\"bt_bb_section69e5f9e7863e5\" class=\"bt_bb_section bt_bb_layout_boxed_1200 bt_bb_vertical_align_top bt_bb_background_overlay_light_gradient bt_bb_top_spacing_medium bt_bb_bottom_spacing_large\"  data-bt-override-class=\"null\"><div class=\"bt_bb_background_image_holder_wrapper\"><div class=\"bt_bb_background_image_holder btLazyLoadBackground\"  data-background_image_src=\"https:\/\/arhiv.pedimed.si\/wp-content\/uploads\/2021\/04\/canva1.png\" data-parallax-zoom-start=\"1\" data-parallax-zoom-end=\"1\" data-parallax-blur-start=\"0\" data-parallax-blur-end=\"0\" data-parallax-opacity-start=\"1\" data-parallax-opacity-end=\"1\" style=\" background-image: url(&#039;https:\/\/arhiv.pedimed.si\/wp-content\/plugins\/bold-page-builder\/img\/blank.gif&#039;);\"><\/div><\/div><div class=\"bt_bb_port\"><div class=\"bt_bb_cell\"><div class=\"bt_bb_cell_inner\"><div class=\"bt_bb_row \"  data-bt-override-class=\"{}\"><div class=\"bt_bb_row_holder\" ><div  class=\"bt_bb_column col-xxl-6 col-xl-6 bt_bb_vertical_align_top bt_bb_align_left bt_bb_padding_normal bt_bb_animation_fade_in zoom_out animate\" style=\"; --column-width:6;\" data-width=\"6\" data-bt-override-class=\"{}\"><div class=\"bt_bb_column_content\"><div class=\"bt_bb_column_content_inner\"><header class=\"bt_bb_headline bt_bb_dash_bottom bt_bb_superheadline bt_bb_size_normal bt_bb_align_inherit\" data-bt-override-class=\"{&quot;bt_bb_size_&quot;:{&quot;current_class&quot;:&quot;bt_bb_size_normal&quot;,&quot;def&quot;:&quot;normal&quot;,&quot;xl&quot;:&quot;normal&quot;},&quot;bt_bb_align_&quot;:{&quot;current_class&quot;:&quot;bt_bb_align_inherit&quot;,&quot;def&quot;:&quot;inherit&quot;,&quot;xl&quot;:&quot;inherit&quot;}}\"><h1 class=\"bt_bb_headline_tag\"><span class=\"bt_bb_headline_superheadline\">Siamo felici di aiutarvi<\/span><span class=\"bt_bb_headline_content\"><span><strong> Motivi reali<br \/><br \/>\nper la scelta giusta<br \/><br \/>\n<\/strong><\/span><\/span><\/h1><\/header><div class=\"bt_bb_separator bt_bb_border_style_none bt_bb_top_spacing_small bt_bb_bottom_spacing_extra_small\" data-bt-override-class=\"null\"><\/div><div  class=\"bt_bb_text\" ><\/p>\n<blockquote>\n<p><strong>Il Centro Pedimed<\/strong> \u00e8 nato dall&#8217;amore per la cura dei piedi malati e dal desiderio di aiutare e alleviare le persone dal dolore.<\/p>\n<p><strong>Il Centro Pedimed<\/strong> \u00e8 gestito da Karmen Perko, medico pedicure e specialista nel campo dei problemi del piede.<\/p>\n<\/blockquote>\n<p>\n<\/div><div class=\"bt_bb_separator bt_bb_border_style_solid bt_bb_top_spacing_medium bt_bb_bottom_spacing_normal\" data-bt-override-class=\"null\"><\/div><\/div><\/div><\/div><div  class=\"bt_bb_column col-xxl-6 col-xl-6 bt_bb_vertical_align_top bt_bb_align_left bt_bb_padding_normal\" style=\"; --column-width:6;\" data-width=\"6\" data-bt-override-class=\"{}\"><div class=\"bt_bb_column_content\"><div class=\"bt_bb_column_content_inner\"><\/div><\/div><\/div><\/div><\/div><\/div><!-- cell_inner --><\/div><!-- cell --><\/div><!-- port --><\/section><section id=\"bt_bb_section69e5f9e787007\" class=\"bt_bb_section bt_bb_layout_boxed_1200 bt_bb_vertical_align_top bt_bb_top_spacing_extra_small\"  data-bt-override-class=\"null\"><div class=\"bt_bb_port\"><div class=\"bt_bb_cell\"><div class=\"bt_bb_cell_inner\"><div class=\"bt_bb_row \"  data-bt-override-class=\"{}\"><div class=\"bt_bb_row_holder\" ><div  class=\"bt_bb_column col-xxl-12 col-xl-12 col-xs-12 col-sm-12 col-md-12 col-lg-12 bt_bb_vertical_align_top bt_bb_align_left bt_bb_padding_normal\" style=\"; --column-width:12;\" data-width=\"12\" data-bt-override-class=\"{}\"><div class=\"bt_bb_column_content\"><div class=\"bt_bb_column_content_inner\"><header class=\"bt_bb_headline bt_bb_dash_bottom bt_bb_size_normal bt_bb_align_inherit\" data-bt-override-class=\"{&quot;bt_bb_size_&quot;:{&quot;current_class&quot;:&quot;bt_bb_size_normal&quot;,&quot;def&quot;:&quot;normal&quot;,&quot;xl&quot;:&quot;normal&quot;},&quot;bt_bb_align_&quot;:{&quot;current_class&quot;:&quot;bt_bb_align_inherit&quot;,&quot;def&quot;:&quot;inherit&quot;,&quot;xl&quot;:&quot;inherit&quot;}}\"><h2 class=\"bt_bb_headline_tag\"><span class=\"bt_bb_headline_content\"><span><strong> Missione. Fondazioni. Visione. Obiettivi. <\/strong><\/span><\/span><\/h2><\/header><div class=\"bt_bb_separator bt_bb_border_style_none bt_bb_top_spacing_small bt_bb_bottom_spacing_small\" data-bt-override-class=\"null\"><\/div><div  class=\"bt_bb_text\" ><\/p>\n<p><strong>1. MISSIONE<\/strong><\/p>\n<p>La missione del Centro Pedimed \u00e8 quella di salvare le persone dal dolore e dai problemi ai piedi.<\/p>\n<p><strong>2. FONDAMENTI<\/strong><\/p>\n<p>La base di molti anni di attivit\u00e0 di successo si basa sull&#8217;amore per i problemi ai piedi e sul continuo sviluppo professionale.<\/p>\n<p>Acquisiamo regolarmente conoscenze professionali nel campo della podologia all&#8217;estero da titolari di nuove tecnologie nel campo dei problemi del piede. Trasferiamo con successo la conoscenza nel nostro lavoro. Ecco perch\u00e9 il Centro Pedimed risolve con successo i problemi ai piedi, come confermato da molti anni di pratica.<\/p>\n<p>Crediamo di avere diverse procedure e metodi all&#8217;avanguardia per risolvere i problemi del piede.<br \/>\nRiteniamo di essere i primi a fornire tali servizi.<\/p>\n<p>Molti anni di stretta collaborazione con vari esperti e medici di settori correlati (con dermatologi, diabetologi, fisiatri, ortopedici e chirurghi plastici) si sono rivelati un percorso di successo.<\/p>\n<p>Prestiamo inoltre molta attenzione alla cura dei piedi corretta e regolare per i bambini. I genitori spesso vengono con i loro figli per chiedere aiuto e consigli su come tagliarsi le unghie correttamente. Incoraggiamo i bambini ad avere un&#8217;igiene regolare e buona e a dedicare loro molto tempo. Attraverso il gioco e il divertimento, li liberiamo dalla paura e la cura dei piedi diventa divertente.<\/p>\n<p><strong>3. VISIONE<\/strong><\/p>\n<p>I nostri clienti provengono da diverse parti della Slovenia e anche dall&#8217;estero, quindi la visione di Pedimed \u00e8 quella di espandere le sue filiali in tutta la Slovenia e anche in Croazia e in Italia.<\/p>\n<p><strong>4. OBIETTIVO E MOTIVAZIONE<\/strong><\/p>\n<p>Alleviare le persone dal dolore e dai problemi ai piedi \u00e8 una sfida e una motivazione speciale per noi, poich\u00e9 non c&#8217;\u00e8 sensazione migliore che vedere le persone lasciare il Centro Pedimed senza dolore ogni giorno e andare in giro con i piedi leggeri!<\/p>\n<p>\n<\/div><\/div><\/div><\/div><\/div><\/div><div class=\"bt_bb_row \"  data-bt-override-class=\"{}\"><div class=\"bt_bb_row_holder\" ><div  class=\"bt_bb_column col-xxl-12 col-xl-12 col-xs-12 col-sm-12 col-md-12 col-lg-12 bt_bb_vertical_align_top bt_bb_align_left bt_bb_padding_normal\" style=\"; --column-width:12;\" data-width=\"12\" data-bt-override-class=\"{}\"><div class=\"bt_bb_column_content\"><div class=\"bt_bb_column_content_inner\"><div class=\"bt_bb_separator bt_bb_border_style_none bt_bb_top_spacing_small bt_bb_bottom_spacing_small\" data-bt-override-class=\"null\"><\/div><header class=\"bt_bb_headline bt_bb_dash_bottom bt_bb_size_normal bt_bb_align_inherit\" data-bt-override-class=\"{&quot;bt_bb_size_&quot;:{&quot;current_class&quot;:&quot;bt_bb_size_normal&quot;,&quot;def&quot;:&quot;normal&quot;,&quot;xl&quot;:&quot;normal&quot;},&quot;bt_bb_align_&quot;:{&quot;current_class&quot;:&quot;bt_bb_align_inherit&quot;,&quot;def&quot;:&quot;inherit&quot;,&quot;xl&quot;:&quot;inherit&quot;}}\"><h2 class=\"bt_bb_headline_tag\"><span class=\"bt_bb_headline_content\"><span><strong> Perch\u00e9 Pedimed \u00e8 una buona decisione <\/strong><\/span><\/span><\/h2><\/header><div class=\"bt_bb_separator bt_bb_border_style_none bt_bb_top_spacing_small bt_bb_bottom_spacing_small\" data-bt-override-class=\"null\"><\/div><div class=\"bt_bb_tabs bt_bb_style_simple bt_bb_shape_square\" data-bt-override-class=\"{}\"><ul class=\"bt_bb_tabs_header\"><li><span>Perch\u00e9 scegliere Pedimed<\/span><\/li><li><span>Risultati dalla pratica<\/span><\/li><\/ul><div class=\"bt_bb_tabs_tabs\"><div class=\"bt_bb_tab_item\">\r\n\t\t\t<div class=\"bt_bb_tab_content\"><div  class=\"bt_bb_text\" ><\/p>\n<ul>\n<li>Perch\u00e9 siamo professionisti certificati e amiamo i professionisti<\/li>\n<li>Perch\u00e9 trattiamo tutti individualmente<\/li>\n<li>Perch\u00e9 gestiamo tutto in modo file e pittorico<\/li>\n<li>Perch\u00e9 il nostro obiettivo \u00e8 risolvere i problemi e il dolore il prima possibile<\/li>\n<li>Perch\u00e9 lavoriamo solo sulle attrezzature pi\u00f9 moderne e con i metodi e le tecniche pi\u00f9 moderne<\/li>\n<li>Perch\u00e9 tutti al Centro Pedimed si educano costantemente<\/li>\n<li>Perch\u00e9 abbiamo il miglior servizio<\/li>\n<li>Perch\u00e9 vogliamo aiutare le persone a non avere paura<\/li>\n<li>Perch\u00e9 insieme ci poniamo degli obiettivi<\/li>\n<li>Perch\u00e9 tutti gli strumenti sono sotto stretto controllo della sterilit\u00e0 chirurgica<\/li>\n<\/ul>\n<p>\n<\/div><\/div>\r\n\t\t<\/div><div class=\"bt_bb_tab_item\">\r\n\t\t\t<div class=\"bt_bb_tab_content\"><div  class=\"bt_bb_text\" ><\/p>\n<ul>\n<li>1. in Slovenia riparando le unghie incarnite con una clip 3TO<\/li>\n<li>1. ha eseguito terapie fotodinamiche in Slovenia<\/li>\n<li>15+ anni di esperienza in pedicure medico e formazione all&#8217;estero<\/li>\n<li>Collaborazione con medici che ci inviano i loro pazienti<\/li>\n<li>Ha esaminato pi\u00f9 di 25.000 piedi!<\/li>\n<li>100% la decisione giusta per il Centro Pedimed!<\/li>\n<li>La buona parola si \u00e8 diffusa in tutte le parti della Slovenia e anche all&#8217;estero<\/li>\n<li>Ci prendiamo cura dei piedi dei migliori giocatori di basket, corridori e giocatori di hockey<\/li>\n<li>Ci prendiamo cura con orgoglio dei piedi dei campioni nazionali di calcio &#8211; \u017dNK Olimpija!<\/li>\n<\/ul>\n<p>\n<\/div><\/div>\r\n\t\t<\/div><\/div><\/div><\/div><\/div><\/div><\/div><\/div><\/div><!-- cell_inner --><\/div><!-- cell --><\/div><!-- port --><\/section><section id=\"bt_bb_section69e5f9e788b71\" class=\"bt_bb_section bt_bb_layout_wide bt_bb_vertical_align_top bt_bb_top_spacing_small bt_bb_pull_in_from_side_large\"  data-bt-override-class=\"null\"><div class=\"bt_bb_port\"><div class=\"bt_bb_cell\"><div class=\"bt_bb_cell_inner\"><div class=\"bt_bb_row \"  data-bt-override-class=\"{}\"><div class=\"bt_bb_row_holder\" ><div  class=\"bt_bb_column col-xxl-12 col-xl-12 bt_bb_vertical_align_top bt_bb_align_center bt_bb_padding_normal bt_bb_animation_fade_in zoom_out animate\" style=\"; --column-width:12;\" data-width=\"12\" data-bt-override-class=\"{}\"><div class=\"bt_bb_column_content\"><div class=\"bt_bb_column_content_inner\"><div class=\"bt_bb_separator bt_bb_border_style_none bt_bb_top_spacing_normal\" data-bt-override-class=\"null\"><\/div><div class=\"bt_bb_button bt_bb_color_scheme_11 bt_bb_icon_position_left bt_bb_style_filled bt_bb_size_normal bt_bb_width_inline bt_bb_shape_inherit bt_bb_target_self bt_bb_align_inherit\" style=\"min-width: 135px;; --primary-color:#ffffff; --secondary-color:#004b4a;\" data-bt-override-class=\"{&quot;bt_bb_size_&quot;:{&quot;current_class&quot;:&quot;bt_bb_size_normal&quot;,&quot;def&quot;:&quot;normal&quot;,&quot;xl&quot;:&quot;normal&quot;},&quot;bt_bb_align_&quot;:{&quot;current_class&quot;:&quot;bt_bb_align_inherit&quot;,&quot;def&quot;:&quot;inherit&quot;,&quot;xl&quot;:&quot;inherit&quot;}}\"><a href=\"tel:080%2012%2014\" target=\"_self\" class=\"bt_bb_link\" title=\" CHIAMACI 080 12 14\"><span class=\"bt_bb_button_text\" > CHIAMACI 080 12 14<\/span><span  data-ico-fontawesome=\"&#xf095;\" class=\"bt_bb_icon_holder\"><\/span><\/a><\/div><div class=\"bt_bb_button bt_bb_color_scheme_6 bt_bb_icon_position_left bt_bb_style_filled bt_bb_size_normal bt_bb_width_inline bt_bb_shape_inherit bt_bb_target_self bt_bb_align_inherit\" style=\"min-width: 135px;; --primary-color:#ffffff; --secondary-color:#6db2b2;\" data-bt-override-class=\"{&quot;bt_bb_size_&quot;:{&quot;current_class&quot;:&quot;bt_bb_size_normal&quot;,&quot;def&quot;:&quot;normal&quot;,&quot;xl&quot;:&quot;normal&quot;},&quot;bt_bb_align_&quot;:{&quot;current_class&quot;:&quot;bt_bb_align_inherit&quot;,&quot;def&quot;:&quot;inherit&quot;,&quot;xl&quot;:&quot;inherit&quot;}}\"><a href=\"https:\/\/form.lime-booking.com\/sl\/Pedimed\" target=\"_self\" class=\"bt_bb_link\" title=\"PRENOTARE UN APPUNTAMENTO\"><span class=\"bt_bb_button_text\" >PRENOTARE UN APPUNTAMENTO<\/span><\/a><\/div><\/div><\/div><\/div><\/div><\/div><\/div><!-- cell_inner --><\/div><!-- cell --><\/div><!-- port --><\/section><\/p>\n","protected":false},"excerpt":{"rendered":"","protected":false},"author":1,"featured_media":0,"parent":0,"menu_order":0,"comment_status":"closed","ping_status":"closed","template":"","meta":{"footnotes":""},"class_list":["post-8536","page","type-page","status-publish","hentry"],"yoast_head":"<!-- This site is optimized with the Yoast SEO plugin v27.4 - https:\/\/yoast.com\/product\/yoast-seo-wordpress\/ -->\n<title>Pedimed - Missione - Fondamenti - Visione - Obiettivo e motivazione<\/title>\n<meta name=\"description\" content=\"PEDIMED, cura medica del piede, d.o.o., Ljubljana \u0160i\u0161ka, Ljubljana Be\u017eigrad, Novo mesto, E-po\u0161ta: info@pedimed.si, Telefono: 080 12 14\" \/>\n<meta name=\"robots\" content=\"noindex, follow, max-snippet:-1, max-image-preview:large, max-video-preview:-1\" \/>\n<meta property=\"og:locale\" content=\"it_IT\" \/>\n<meta property=\"og:type\" content=\"article\" \/>\n<meta property=\"og:title\" content=\"Pedimed - Missione - Fondamenti - Visione - Obiettivo e motivazione\" \/>\n<meta property=\"og:description\" content=\"PEDIMED, cura medica del piede, d.o.o., Ljubljana \u0160i\u0161ka, Ljubljana Be\u017eigrad, Novo mesto, E-po\u0161ta: info@pedimed.si, Telefono: 080 12 14\" \/>\n<meta property=\"og:url\" content=\"https:\/\/arhiv.pedimed.si\/it\/chi-siamo\/\" \/>\n<meta property=\"og:site_name\" content=\"Medicinska nega nog\" \/>\n<meta property=\"article:modified_time\" content=\"2021-06-15T20:29:07+00:00\" \/>\n<meta name=\"twitter:card\" content=\"summary_large_image\" \/>\n<meta name=\"twitter:label1\" content=\"Tempo di lettura stimato\" \/>\n\t<meta name=\"twitter:data1\" content=\"7 minuti\" \/>\n<script type=\"application\/ld+json\" class=\"yoast-schema-graph\">{\"@context\":\"https:\\\/\\\/schema.org\",\"@graph\":[{\"@type\":\"WebPage\",\"@id\":\"https:\\\/\\\/arhiv.pedimed.si\\\/it\\\/chi-siamo\\\/\",\"url\":\"https:\\\/\\\/arhiv.pedimed.si\\\/it\\\/chi-siamo\\\/\",\"name\":\"Pedimed - Missione - Fondamenti - Visione - Obiettivo e motivazione\",\"isPartOf\":{\"@id\":\"https:\\\/\\\/arhiv.pedimed.si\\\/it\\\/#website\"},\"datePublished\":\"2021-05-26T19:35:48+00:00\",\"dateModified\":\"2021-06-15T20:29:07+00:00\",\"description\":\"PEDIMED, cura medica del piede, d.o.o., Ljubljana \u0160i\u0161ka, Ljubljana Be\u017eigrad, Novo mesto, E-po\u0161ta: info@pedimed.si, Telefono: 080 12 14\",\"breadcrumb\":{\"@id\":\"https:\\\/\\\/arhiv.pedimed.si\\\/it\\\/chi-siamo\\\/#breadcrumb\"},\"inLanguage\":\"it-IT\",\"potentialAction\":[{\"@type\":\"ReadAction\",\"target\":[\"https:\\\/\\\/arhiv.pedimed.si\\\/it\\\/chi-siamo\\\/\"]}]},{\"@type\":\"BreadcrumbList\",\"@id\":\"https:\\\/\\\/arhiv.pedimed.si\\\/it\\\/chi-siamo\\\/#breadcrumb\",\"itemListElement\":[{\"@type\":\"ListItem\",\"position\":1,\"name\":\"Center Pedimed\",\"item\":\"https:\\\/\\\/arhiv.pedimed.si\\\/it\\\/\"},{\"@type\":\"ListItem\",\"position\":2,\"name\":\"Chi siamo\"}]},{\"@type\":\"WebSite\",\"@id\":\"https:\\\/\\\/arhiv.pedimed.si\\\/it\\\/#website\",\"url\":\"https:\\\/\\\/arhiv.pedimed.si\\\/it\\\/\",\"name\":\"Medicinska nega nog\",\"description\":\"Center Pedimed\",\"publisher\":{\"@id\":\"https:\\\/\\\/arhiv.pedimed.si\\\/it\\\/#organization\"},\"potentialAction\":[{\"@type\":\"SearchAction\",\"target\":{\"@type\":\"EntryPoint\",\"urlTemplate\":\"https:\\\/\\\/arhiv.pedimed.si\\\/it\\\/?s={search_term_string}\"},\"query-input\":{\"@type\":\"PropertyValueSpecification\",\"valueRequired\":true,\"valueName\":\"search_term_string\"}}],\"inLanguage\":\"it-IT\"},{\"@type\":\"Organization\",\"@id\":\"https:\\\/\\\/arhiv.pedimed.si\\\/it\\\/#organization\",\"name\":\"Center Pedimed\",\"url\":\"https:\\\/\\\/arhiv.pedimed.si\\\/it\\\/\",\"logo\":{\"@type\":\"ImageObject\",\"inLanguage\":\"it-IT\",\"@id\":\"https:\\\/\\\/arhiv.pedimed.si\\\/it\\\/#\\\/schema\\\/logo\\\/image\\\/\",\"url\":\"https:\\\/\\\/arhiv.pedimed.si\\\/wp-content\\\/uploads\\\/2021\\\/04\\\/Center-pedimed-logo.png\",\"contentUrl\":\"https:\\\/\\\/arhiv.pedimed.si\\\/wp-content\\\/uploads\\\/2021\\\/04\\\/Center-pedimed-logo.png\",\"width\":454,\"height\":191,\"caption\":\"Center Pedimed\"},\"image\":{\"@id\":\"https:\\\/\\\/arhiv.pedimed.si\\\/it\\\/#\\\/schema\\\/logo\\\/image\\\/\"}}]}<\/script>\n<!-- \/ Yoast SEO plugin. -->","yoast_head_json":{"title":"Pedimed - Missione - Fondamenti - Visione - Obiettivo e motivazione","description":"PEDIMED, cura medica del piede, d.o.o., Ljubljana \u0160i\u0161ka, Ljubljana Be\u017eigrad, Novo mesto, E-po\u0161ta: info@pedimed.si, Telefono: 080 12 14","robots":{"index":"noindex","follow":"follow","max-snippet":"max-snippet:-1","max-image-preview":"max-image-preview:large","max-video-preview":"max-video-preview:-1"},"og_locale":"it_IT","og_type":"article","og_title":"Pedimed - Missione - Fondamenti - Visione - Obiettivo e motivazione","og_description":"PEDIMED, cura medica del piede, d.o.o., Ljubljana \u0160i\u0161ka, Ljubljana Be\u017eigrad, Novo mesto, E-po\u0161ta: info@pedimed.si, Telefono: 080 12 14","og_url":"https:\/\/arhiv.pedimed.si\/it\/chi-siamo\/","og_site_name":"Medicinska nega nog","article_modified_time":"2021-06-15T20:29:07+00:00","twitter_card":"summary_large_image","twitter_misc":{"Tempo di lettura stimato":"7 minuti"},"schema":{"@context":"https:\/\/schema.org","@graph":[{"@type":"WebPage","@id":"https:\/\/arhiv.pedimed.si\/it\/chi-siamo\/","url":"https:\/\/arhiv.pedimed.si\/it\/chi-siamo\/","name":"Pedimed - Missione - Fondamenti - Visione - Obiettivo e motivazione","isPartOf":{"@id":"https:\/\/arhiv.pedimed.si\/it\/#website"},"datePublished":"2021-05-26T19:35:48+00:00","dateModified":"2021-06-15T20:29:07+00:00","description":"PEDIMED, cura medica del piede, d.o.o., Ljubljana \u0160i\u0161ka, Ljubljana Be\u017eigrad, Novo mesto, E-po\u0161ta: info@pedimed.si, Telefono: 080 12 14","breadcrumb":{"@id":"https:\/\/arhiv.pedimed.si\/it\/chi-siamo\/#breadcrumb"},"inLanguage":"it-IT","potentialAction":[{"@type":"ReadAction","target":["https:\/\/arhiv.pedimed.si\/it\/chi-siamo\/"]}]},{"@type":"BreadcrumbList","@id":"https:\/\/arhiv.pedimed.si\/it\/chi-siamo\/#breadcrumb","itemListElement":[{"@type":"ListItem","position":1,"name":"Center Pedimed","item":"https:\/\/arhiv.pedimed.si\/it\/"},{"@type":"ListItem","position":2,"name":"Chi siamo"}]},{"@type":"WebSite","@id":"https:\/\/arhiv.pedimed.si\/it\/#website","url":"https:\/\/arhiv.pedimed.si\/it\/","name":"Medicinska nega nog","description":"Center Pedimed","publisher":{"@id":"https:\/\/arhiv.pedimed.si\/it\/#organization"},"potentialAction":[{"@type":"SearchAction","target":{"@type":"EntryPoint","urlTemplate":"https:\/\/arhiv.pedimed.si\/it\/?s={search_term_string}"},"query-input":{"@type":"PropertyValueSpecification","valueRequired":true,"valueName":"search_term_string"}}],"inLanguage":"it-IT"},{"@type":"Organization","@id":"https:\/\/arhiv.pedimed.si\/it\/#organization","name":"Center Pedimed","url":"https:\/\/arhiv.pedimed.si\/it\/","logo":{"@type":"ImageObject","inLanguage":"it-IT","@id":"https:\/\/arhiv.pedimed.si\/it\/#\/schema\/logo\/image\/","url":"https:\/\/arhiv.pedimed.si\/wp-content\/uploads\/2021\/04\/Center-pedimed-logo.png","contentUrl":"https:\/\/arhiv.pedimed.si\/wp-content\/uploads\/2021\/04\/Center-pedimed-logo.png","width":454,"height":191,"caption":"Center Pedimed"},"image":{"@id":"https:\/\/arhiv.pedimed.si\/it\/#\/schema\/logo\/image\/"}}]}},"_links":{"self":[{"href":"https:\/\/arhiv.pedimed.si\/it\/wp-json\/wp\/v2\/pages\/8536","targetHints":{"allow":["GET"]}}],"collection":[{"href":"https:\/\/arhiv.pedimed.si\/it\/wp-json\/wp\/v2\/pages"}],"about":[{"href":"https:\/\/arhiv.pedimed.si\/it\/wp-json\/wp\/v2\/types\/page"}],"author":[{"embeddable":true,"href":"https:\/\/arhiv.pedimed.si\/it\/wp-json\/wp\/v2\/users\/1"}],"replies":[{"embeddable":true,"href":"https:\/\/arhiv.pedimed.si\/it\/wp-json\/wp\/v2\/comments?post=8536"}],"version-history":[{"count":0,"href":"https:\/\/arhiv.pedimed.si\/it\/wp-json\/wp\/v2\/pages\/8536\/revisions"}],"wp:attachment":[{"href":"https:\/\/arhiv.pedimed.si\/it\/wp-json\/wp\/v2\/media?parent=8536"}],"curies":[{"name":"wp","href":"https:\/\/api.w.org\/{rel}","templated":true}]}}