{"id":10713,"date":"2022-02-12T16:45:20","date_gmt":"2022-02-12T15:45:20","guid":{"rendered":"https:\/\/pedimed.si\/?post_type=product&#038;p=10713"},"modified":"2022-03-14T21:35:22","modified_gmt":"2022-03-14T20:35:22","slug":"pedag-viva-sport","status":"publish","type":"product","link":"https:\/\/arhiv.pedimed.si\/it\/izdelek\/pedag-viva-sport\/","title":{"rendered":"Pedag VIVA SPORT"},"content":{"rendered":"<p>Posebna funkcionalna pre\u0161ita vlakna vpijajo vlago stopala. High-tech pena z milijoni zra\u010dnimi komorami absorbira vlago in nudi izolacijo pred mrazom.<br \/>\nAnatomsko oblikovan vlo\u017eek z oblazinjeno peto. Podprtemu vzdol\u017enemu stopalnemu loku omogo\u010da lahkotno hojo, ter razbremeni stopalo.<br \/>\nPrimerno tudi za \u010devlje z zra\u010dnimi membranami. Vlo\u017eek se lahko ro\u010dno pere.<br \/>\nPo uporabi prezra\u010diti.<\/p>\n","protected":false},"excerpt":{"rendered":"<p><strong>Inovativni vlo\u017eek za oblazinjenje in bla\u017eenje<\/strong><\/p>\n<p>\u0160portni vlo\u017eek za \u010devlje iz visokokakovostnega bla\u017eilnega materiala, ki prepre\u010duje in razbremeni to\u010dke pritiska na podplatu. Kombinacija s podstavkom Viva ima podporni u\u010dinek pri bole\u010dinah v sklepih, plantarnem fasciitisu, nogah, ravnih stopalih in te\u017eavah s hrbtom.<\/p>\n<ul>\n<li>\n<ul>stabilizira in bla\u017ei va\u0161a stopala v katerem koli atletskem \u010devlju<\/ul>\n<\/li>\n<li>\n<ul>idealno za treking, tek, golf \u010devlje in superge<\/ul>\n<\/li>\n<li>\n<ul>podpira in bla\u017ei vse 3 ob\u010dutljive cone va\u0161ega stopala<\/ul>\n<\/li>\n<li>\n<ul>zmanj\u0161a va\u0161o zmogljivost z milijoni mikro zra\u010dnih blazin<\/ul>\n<\/li>\n<li>\n<ul>preprosto vzemite za\u0161\u010ditni podplat iz \u010devlja in vstavite Viva Sport<\/ul>\n<\/li>\n<li>Trpe\u017ena, vzdr\u017eljiva, pralna, hitro se su\u0161i<\/li>\n<\/ul>\n","protected":false},"featured_media":10726,"template":"","meta":[],"product_brand":[],"product_cat":[15],"product_tag":[60,175,174],"class_list":{"0":"post-10713","1":"product","2":"type-product","3":"status-publish","4":"has-post-thumbnail","6":"product_cat-pripomocki-za-nego","7":"product_tag-za-sportnike","8":"product_tag-sportni-vlozki","9":"product_tag-vlozki-za-cevlje","11":"first","12":"instock","13":"taxable","14":"shipping-taxable","15":"purchasable","16":"product-type-variable"},"yoast_head":"<!-- This site is optimized with the Yoast SEO plugin v27.4 - https:\/\/yoast.com\/product\/yoast-seo-wordpress\/ -->\n<title>Pedag VIVA SPORT - Medicinska nega nog<\/title>\n<meta name=\"description\" content=\"Inovativni vlo\u017eek za oblazinjenje in bla\u017eenje - Pedag Viva sport vlo\u017eki za \u010devlje iz Centra Pedimed v ve\u010d velikostih.\" \/>\n<meta name=\"robots\" content=\"noindex, follow, max-snippet:-1, max-image-preview:large, max-video-preview:-1\" \/>\n<meta property=\"og:locale\" content=\"it_IT\" \/>\n<meta property=\"og:type\" content=\"article\" \/>\n<meta property=\"og:title\" content=\"Pedag VIVA SPORT - Medicinska nega nog\" \/>\n<meta property=\"og:description\" content=\"Inovativni vlo\u017eek za oblazinjenje in bla\u017eenje - Pedag Viva sport vlo\u017eki za \u010devlje iz Centra Pedimed v ve\u010d velikostih.\" \/>\n<meta property=\"og:url\" content=\"https:\/\/arhiv.pedimed.si\/it\/izdelek\/pedag-viva-sport\/\" \/>\n<meta property=\"og:site_name\" content=\"Medicinska nega nog\" \/>\n<meta property=\"article:modified_time\" content=\"2022-03-14T20:35:22+00:00\" \/>\n<meta property=\"og:image\" content=\"https:\/\/arhiv.pedimed.si\/wp-content\/uploads\/2022\/02\/Pedag-vlozki.jpg\" \/>\n\t<meta property=\"og:image:width\" content=\"800\" \/>\n\t<meta property=\"og:image:height\" content=\"800\" \/>\n\t<meta property=\"og:image:type\" content=\"image\/jpeg\" \/>\n<meta name=\"twitter:card\" content=\"summary_large_image\" \/>\n<meta name=\"twitter:label1\" content=\"Tempo di lettura stimato\" \/>\n\t<meta name=\"twitter:data1\" content=\"1 minuto\" \/>\n<script type=\"application\/ld+json\" class=\"yoast-schema-graph\">{\"@context\":\"https:\\\/\\\/schema.org\",\"@graph\":[{\"@type\":\"WebPage\",\"@id\":\"https:\\\/\\\/arhiv.pedimed.si\\\/it\\\/izdelek\\\/pedag-viva-sport\\\/\",\"url\":\"https:\\\/\\\/arhiv.pedimed.si\\\/it\\\/izdelek\\\/pedag-viva-sport\\\/\",\"name\":\"Pedag VIVA SPORT - Medicinska nega nog\",\"isPartOf\":{\"@id\":\"https:\\\/\\\/arhiv.pedimed.si\\\/it\\\/#website\"},\"primaryImageOfPage\":{\"@id\":\"https:\\\/\\\/arhiv.pedimed.si\\\/it\\\/izdelek\\\/pedag-viva-sport\\\/#primaryimage\"},\"image\":{\"@id\":\"https:\\\/\\\/arhiv.pedimed.si\\\/it\\\/izdelek\\\/pedag-viva-sport\\\/#primaryimage\"},\"thumbnailUrl\":\"https:\\\/\\\/arhiv.pedimed.si\\\/wp-content\\\/uploads\\\/2022\\\/02\\\/Pedag-vlozki.jpg\",\"datePublished\":\"2022-02-12T15:45:20+00:00\",\"dateModified\":\"2022-03-14T20:35:22+00:00\",\"description\":\"Inovativni vlo\u017eek za oblazinjenje in bla\u017eenje - Pedag Viva sport vlo\u017eki za \u010devlje iz Centra Pedimed v ve\u010d velikostih.\",\"breadcrumb\":{\"@id\":\"https:\\\/\\\/arhiv.pedimed.si\\\/it\\\/izdelek\\\/pedag-viva-sport\\\/#breadcrumb\"},\"inLanguage\":\"it-IT\",\"potentialAction\":[{\"@type\":\"ReadAction\",\"target\":[\"https:\\\/\\\/arhiv.pedimed.si\\\/it\\\/izdelek\\\/pedag-viva-sport\\\/\"]}]},{\"@type\":\"ImageObject\",\"inLanguage\":\"it-IT\",\"@id\":\"https:\\\/\\\/arhiv.pedimed.si\\\/it\\\/izdelek\\\/pedag-viva-sport\\\/#primaryimage\",\"url\":\"https:\\\/\\\/arhiv.pedimed.si\\\/wp-content\\\/uploads\\\/2022\\\/02\\\/Pedag-vlozki.jpg\",\"contentUrl\":\"https:\\\/\\\/arhiv.pedimed.si\\\/wp-content\\\/uploads\\\/2022\\\/02\\\/Pedag-vlozki.jpg\",\"width\":800,\"height\":800,\"caption\":\"Pedag vlo\u017eki\"},{\"@type\":\"BreadcrumbList\",\"@id\":\"https:\\\/\\\/arhiv.pedimed.si\\\/it\\\/izdelek\\\/pedag-viva-sport\\\/#breadcrumb\",\"itemListElement\":[{\"@type\":\"ListItem\",\"position\":1,\"name\":\"Center Pedimed\",\"item\":\"https:\\\/\\\/arhiv.pedimed.si\\\/it\\\/\"},{\"@type\":\"ListItem\",\"position\":2,\"name\":\"Trgovina\",\"item\":\"https:\\\/\\\/arhiv.pedimed.si\\\/trgovina\\\/\"},{\"@type\":\"ListItem\",\"position\":3,\"name\":\"Nega za \u0161portnike\",\"item\":\"https:\\\/\\\/arhiv.pedimed.si\\\/oznaka\\\/za-sportnike\\\/\"},{\"@type\":\"ListItem\",\"position\":4,\"name\":\"Pedag VIVA SPORT\"}]},{\"@type\":\"WebSite\",\"@id\":\"https:\\\/\\\/arhiv.pedimed.si\\\/it\\\/#website\",\"url\":\"https:\\\/\\\/arhiv.pedimed.si\\\/it\\\/\",\"name\":\"Medicinska nega nog\",\"description\":\"Center Pedimed\",\"publisher\":{\"@id\":\"https:\\\/\\\/arhiv.pedimed.si\\\/it\\\/#organization\"},\"potentialAction\":[{\"@type\":\"SearchAction\",\"target\":{\"@type\":\"EntryPoint\",\"urlTemplate\":\"https:\\\/\\\/arhiv.pedimed.si\\\/it\\\/?s={search_term_string}\"},\"query-input\":{\"@type\":\"PropertyValueSpecification\",\"valueRequired\":true,\"valueName\":\"search_term_string\"}}],\"inLanguage\":\"it-IT\"},{\"@type\":\"Organization\",\"@id\":\"https:\\\/\\\/arhiv.pedimed.si\\\/it\\\/#organization\",\"name\":\"Center Pedimed\",\"url\":\"https:\\\/\\\/arhiv.pedimed.si\\\/it\\\/\",\"logo\":{\"@type\":\"ImageObject\",\"inLanguage\":\"it-IT\",\"@id\":\"https:\\\/\\\/arhiv.pedimed.si\\\/it\\\/#\\\/schema\\\/logo\\\/image\\\/\",\"url\":\"https:\\\/\\\/arhiv.pedimed.si\\\/wp-content\\\/uploads\\\/2021\\\/04\\\/Center-pedimed-logo.png\",\"contentUrl\":\"https:\\\/\\\/arhiv.pedimed.si\\\/wp-content\\\/uploads\\\/2021\\\/04\\\/Center-pedimed-logo.png\",\"width\":454,\"height\":191,\"caption\":\"Center Pedimed\"},\"image\":{\"@id\":\"https:\\\/\\\/arhiv.pedimed.si\\\/it\\\/#\\\/schema\\\/logo\\\/image\\\/\"}}]}<\/script>\n<!-- \/ Yoast SEO plugin. -->","yoast_head_json":{"title":"Pedag VIVA SPORT - Medicinska nega nog","description":"Inovativni vlo\u017eek za oblazinjenje in bla\u017eenje - Pedag Viva sport vlo\u017eki za \u010devlje iz Centra Pedimed v ve\u010d velikostih.","robots":{"index":"noindex","follow":"follow","max-snippet":"max-snippet:-1","max-image-preview":"max-image-preview:large","max-video-preview":"max-video-preview:-1"},"og_locale":"it_IT","og_type":"article","og_title":"Pedag VIVA SPORT - Medicinska nega nog","og_description":"Inovativni vlo\u017eek za oblazinjenje in bla\u017eenje - Pedag Viva sport vlo\u017eki za \u010devlje iz Centra Pedimed v ve\u010d velikostih.","og_url":"https:\/\/arhiv.pedimed.si\/it\/izdelek\/pedag-viva-sport\/","og_site_name":"Medicinska nega nog","article_modified_time":"2022-03-14T20:35:22+00:00","og_image":[{"width":800,"height":800,"url":"https:\/\/arhiv.pedimed.si\/wp-content\/uploads\/2022\/02\/Pedag-vlozki.jpg","type":"image\/jpeg"}],"twitter_card":"summary_large_image","twitter_misc":{"Tempo di lettura stimato":"1 minuto"},"schema":{"@context":"https:\/\/schema.org","@graph":[{"@type":"WebPage","@id":"https:\/\/arhiv.pedimed.si\/it\/izdelek\/pedag-viva-sport\/","url":"https:\/\/arhiv.pedimed.si\/it\/izdelek\/pedag-viva-sport\/","name":"Pedag VIVA SPORT - Medicinska nega nog","isPartOf":{"@id":"https:\/\/arhiv.pedimed.si\/it\/#website"},"primaryImageOfPage":{"@id":"https:\/\/arhiv.pedimed.si\/it\/izdelek\/pedag-viva-sport\/#primaryimage"},"image":{"@id":"https:\/\/arhiv.pedimed.si\/it\/izdelek\/pedag-viva-sport\/#primaryimage"},"thumbnailUrl":"https:\/\/arhiv.pedimed.si\/wp-content\/uploads\/2022\/02\/Pedag-vlozki.jpg","datePublished":"2022-02-12T15:45:20+00:00","dateModified":"2022-03-14T20:35:22+00:00","description":"Inovativni vlo\u017eek za oblazinjenje in bla\u017eenje - Pedag Viva sport vlo\u017eki za \u010devlje iz Centra Pedimed v ve\u010d velikostih.","breadcrumb":{"@id":"https:\/\/arhiv.pedimed.si\/it\/izdelek\/pedag-viva-sport\/#breadcrumb"},"inLanguage":"it-IT","potentialAction":[{"@type":"ReadAction","target":["https:\/\/arhiv.pedimed.si\/it\/izdelek\/pedag-viva-sport\/"]}]},{"@type":"ImageObject","inLanguage":"it-IT","@id":"https:\/\/arhiv.pedimed.si\/it\/izdelek\/pedag-viva-sport\/#primaryimage","url":"https:\/\/arhiv.pedimed.si\/wp-content\/uploads\/2022\/02\/Pedag-vlozki.jpg","contentUrl":"https:\/\/arhiv.pedimed.si\/wp-content\/uploads\/2022\/02\/Pedag-vlozki.jpg","width":800,"height":800,"caption":"Pedag vlo\u017eki"},{"@type":"BreadcrumbList","@id":"https:\/\/arhiv.pedimed.si\/it\/izdelek\/pedag-viva-sport\/#breadcrumb","itemListElement":[{"@type":"ListItem","position":1,"name":"Center Pedimed","item":"https:\/\/arhiv.pedimed.si\/it\/"},{"@type":"ListItem","position":2,"name":"Trgovina","item":"https:\/\/arhiv.pedimed.si\/trgovina\/"},{"@type":"ListItem","position":3,"name":"Nega za \u0161portnike","item":"https:\/\/arhiv.pedimed.si\/oznaka\/za-sportnike\/"},{"@type":"ListItem","position":4,"name":"Pedag VIVA SPORT"}]},{"@type":"WebSite","@id":"https:\/\/arhiv.pedimed.si\/it\/#website","url":"https:\/\/arhiv.pedimed.si\/it\/","name":"Medicinska nega nog","description":"Center Pedimed","publisher":{"@id":"https:\/\/arhiv.pedimed.si\/it\/#organization"},"potentialAction":[{"@type":"SearchAction","target":{"@type":"EntryPoint","urlTemplate":"https:\/\/arhiv.pedimed.si\/it\/?s={search_term_string}"},"query-input":{"@type":"PropertyValueSpecification","valueRequired":true,"valueName":"search_term_string"}}],"inLanguage":"it-IT"},{"@type":"Organization","@id":"https:\/\/arhiv.pedimed.si\/it\/#organization","name":"Center Pedimed","url":"https:\/\/arhiv.pedimed.si\/it\/","logo":{"@type":"ImageObject","inLanguage":"it-IT","@id":"https:\/\/arhiv.pedimed.si\/it\/#\/schema\/logo\/image\/","url":"https:\/\/arhiv.pedimed.si\/wp-content\/uploads\/2021\/04\/Center-pedimed-logo.png","contentUrl":"https:\/\/arhiv.pedimed.si\/wp-content\/uploads\/2021\/04\/Center-pedimed-logo.png","width":454,"height":191,"caption":"Center Pedimed"},"image":{"@id":"https:\/\/arhiv.pedimed.si\/it\/#\/schema\/logo\/image\/"}}]}},"_links":{"self":[{"href":"https:\/\/arhiv.pedimed.si\/it\/wp-json\/wp\/v2\/product\/10713","targetHints":{"allow":["GET"]}}],"collection":[{"href":"https:\/\/arhiv.pedimed.si\/it\/wp-json\/wp\/v2\/product"}],"about":[{"href":"https:\/\/arhiv.pedimed.si\/it\/wp-json\/wp\/v2\/types\/product"}],"wp:featuredmedia":[{"embeddable":true,"href":"https:\/\/arhiv.pedimed.si\/it\/wp-json\/wp\/v2\/media\/10726"}],"wp:attachment":[{"href":"https:\/\/arhiv.pedimed.si\/it\/wp-json\/wp\/v2\/media?parent=10713"}],"wp:term":[{"taxonomy":"product_brand","embeddable":true,"href":"https:\/\/arhiv.pedimed.si\/it\/wp-json\/wp\/v2\/product_brand?post=10713"},{"taxonomy":"product_cat","embeddable":true,"href":"https:\/\/arhiv.pedimed.si\/it\/wp-json\/wp\/v2\/product_cat?post=10713"},{"taxonomy":"product_tag","embeddable":true,"href":"https:\/\/arhiv.pedimed.si\/it\/wp-json\/wp\/v2\/product_tag?post=10713"}],"curies":[{"name":"wp","href":"https:\/\/api.w.org\/{rel}","templated":true}]}}