{"id":10848,"date":"2022-02-15T20:52:36","date_gmt":"2022-02-15T19:52:36","guid":{"rendered":"https:\/\/pedimed.si\/?post_type=product&#038;p=10848"},"modified":"2023-06-28T13:08:47","modified_gmt":"2023-06-28T11:08:47","slug":"pedag-ultra-heel","status":"publish","type":"product","link":"https:\/\/arhiv.pedimed.si\/it\/izdelek\/pedag-ultra-heel\/","title":{"rendered":"Pedag\u00ae &#8211; ULTRA HEEL"},"content":{"rendered":"<p>Varuje sklepe in vratni del hrbtenice; hkrati pa predstavlja enkratno re\u0161itev za bole\u010dine, ki jih povzro\u010da petna ostroga.<br \/>\nBlazinico je potrebno splakovati pod \u010disto vodo.<\/p>\n","protected":false},"excerpt":{"rendered":"<p><strong>ULTRA HEEL je mehka petna blazinica \u2013 odli\u010dno oblazinjenje.<\/strong><br \/>\nPrepre\u010duje razli\u010dne te\u017eave s petami.<\/p>\n","protected":false},"featured_media":11574,"template":"","meta":[],"product_brand":[],"product_cat":[15],"product_tag":[203,174],"class_list":{"0":"post-10848","1":"product","2":"type-product","3":"status-publish","4":"has-post-thumbnail","6":"product_cat-pripomocki-za-nego","7":"product_tag-preobremenjene-pete","8":"product_tag-vlozki-za-cevlje","10":"first","11":"instock","12":"taxable","13":"shipping-taxable","14":"purchasable","15":"product-type-variable"},"yoast_head":"<!-- This site is optimized with the Yoast SEO plugin v27.4 - https:\/\/yoast.com\/product\/yoast-seo-wordpress\/ -->\n<title>Pedag\u00ae - ULTRA HEEL - Medicinska nega nog<\/title>\n<meta name=\"description\" content=\"ULTRA HEEL za super odli\u010dno oblazinjenje pete. Prepre\u010duje razli\u010dne te\u017eave s petami. Zato pokli\u010dite v Pedimed.\" \/>\n<meta name=\"robots\" content=\"noindex, follow, max-snippet:-1, max-image-preview:large, max-video-preview:-1\" \/>\n<meta property=\"og:locale\" content=\"it_IT\" \/>\n<meta property=\"og:type\" content=\"article\" \/>\n<meta property=\"og:title\" content=\"Pedag\u00ae - ULTRA HEEL - Medicinska nega nog\" \/>\n<meta property=\"og:description\" content=\"ULTRA HEEL za super odli\u010dno oblazinjenje pete. Prepre\u010duje razli\u010dne te\u017eave s petami. Zato pokli\u010dite v Pedimed.\" \/>\n<meta property=\"og:url\" content=\"https:\/\/arhiv.pedimed.si\/it\/izdelek\/pedag-ultra-heel\/\" \/>\n<meta property=\"og:site_name\" content=\"Medicinska nega nog\" \/>\n<meta property=\"article:modified_time\" content=\"2023-06-28T11:08:47+00:00\" \/>\n<meta property=\"og:image\" content=\"https:\/\/arhiv.pedimed.si\/wp-content\/uploads\/2022\/02\/ultra-heel-vlozki-za-peto.jpg\" \/>\n\t<meta property=\"og:image:width\" content=\"800\" \/>\n\t<meta property=\"og:image:height\" content=\"800\" \/>\n\t<meta property=\"og:image:type\" content=\"image\/jpeg\" \/>\n<meta name=\"twitter:card\" content=\"summary_large_image\" \/>\n<meta name=\"twitter:label1\" content=\"Tempo di lettura stimato\" \/>\n\t<meta name=\"twitter:data1\" content=\"1 minuto\" \/>\n<script type=\"application\/ld+json\" class=\"yoast-schema-graph\">{\"@context\":\"https:\\\/\\\/schema.org\",\"@graph\":[{\"@type\":\"WebPage\",\"@id\":\"https:\\\/\\\/arhiv.pedimed.si\\\/it\\\/izdelek\\\/pedag-ultra-heel\\\/\",\"url\":\"https:\\\/\\\/arhiv.pedimed.si\\\/it\\\/izdelek\\\/pedag-ultra-heel\\\/\",\"name\":\"Pedag\u00ae - ULTRA HEEL - Medicinska nega nog\",\"isPartOf\":{\"@id\":\"https:\\\/\\\/arhiv.pedimed.si\\\/it\\\/#website\"},\"primaryImageOfPage\":{\"@id\":\"https:\\\/\\\/arhiv.pedimed.si\\\/it\\\/izdelek\\\/pedag-ultra-heel\\\/#primaryimage\"},\"image\":{\"@id\":\"https:\\\/\\\/arhiv.pedimed.si\\\/it\\\/izdelek\\\/pedag-ultra-heel\\\/#primaryimage\"},\"thumbnailUrl\":\"https:\\\/\\\/arhiv.pedimed.si\\\/wp-content\\\/uploads\\\/2022\\\/02\\\/ultra-heel-vlozki-za-peto.jpg\",\"datePublished\":\"2022-02-15T19:52:36+00:00\",\"dateModified\":\"2023-06-28T11:08:47+00:00\",\"description\":\"ULTRA HEEL za super odli\u010dno oblazinjenje pete. Prepre\u010duje razli\u010dne te\u017eave s petami. Zato pokli\u010dite v Pedimed.\",\"breadcrumb\":{\"@id\":\"https:\\\/\\\/arhiv.pedimed.si\\\/it\\\/izdelek\\\/pedag-ultra-heel\\\/#breadcrumb\"},\"inLanguage\":\"it-IT\",\"potentialAction\":[{\"@type\":\"ReadAction\",\"target\":[\"https:\\\/\\\/arhiv.pedimed.si\\\/it\\\/izdelek\\\/pedag-ultra-heel\\\/\"]}]},{\"@type\":\"ImageObject\",\"inLanguage\":\"it-IT\",\"@id\":\"https:\\\/\\\/arhiv.pedimed.si\\\/it\\\/izdelek\\\/pedag-ultra-heel\\\/#primaryimage\",\"url\":\"https:\\\/\\\/arhiv.pedimed.si\\\/wp-content\\\/uploads\\\/2022\\\/02\\\/ultra-heel-vlozki-za-peto.jpg\",\"contentUrl\":\"https:\\\/\\\/arhiv.pedimed.si\\\/wp-content\\\/uploads\\\/2022\\\/02\\\/ultra-heel-vlozki-za-peto.jpg\",\"width\":800,\"height\":800,\"caption\":\"Ultra heel vlo\u017eki za pomo\u010d peti\"},{\"@type\":\"BreadcrumbList\",\"@id\":\"https:\\\/\\\/arhiv.pedimed.si\\\/it\\\/izdelek\\\/pedag-ultra-heel\\\/#breadcrumb\",\"itemListElement\":[{\"@type\":\"ListItem\",\"position\":1,\"name\":\"Center Pedimed\",\"item\":\"https:\\\/\\\/arhiv.pedimed.si\\\/it\\\/\"},{\"@type\":\"ListItem\",\"position\":2,\"name\":\"Trgovina\",\"item\":\"https:\\\/\\\/arhiv.pedimed.si\\\/trgovina\\\/\"},{\"@type\":\"ListItem\",\"position\":3,\"name\":\"Preobremenjene pete\",\"item\":\"https:\\\/\\\/arhiv.pedimed.si\\\/oznaka\\\/preobremenjene-pete\\\/\"},{\"@type\":\"ListItem\",\"position\":4,\"name\":\"Pedag\u00ae &#8211; ULTRA HEEL\"}]},{\"@type\":\"WebSite\",\"@id\":\"https:\\\/\\\/arhiv.pedimed.si\\\/it\\\/#website\",\"url\":\"https:\\\/\\\/arhiv.pedimed.si\\\/it\\\/\",\"name\":\"Medicinska nega nog\",\"description\":\"Center Pedimed\",\"publisher\":{\"@id\":\"https:\\\/\\\/arhiv.pedimed.si\\\/it\\\/#organization\"},\"potentialAction\":[{\"@type\":\"SearchAction\",\"target\":{\"@type\":\"EntryPoint\",\"urlTemplate\":\"https:\\\/\\\/arhiv.pedimed.si\\\/it\\\/?s={search_term_string}\"},\"query-input\":{\"@type\":\"PropertyValueSpecification\",\"valueRequired\":true,\"valueName\":\"search_term_string\"}}],\"inLanguage\":\"it-IT\"},{\"@type\":\"Organization\",\"@id\":\"https:\\\/\\\/arhiv.pedimed.si\\\/it\\\/#organization\",\"name\":\"Center Pedimed\",\"url\":\"https:\\\/\\\/arhiv.pedimed.si\\\/it\\\/\",\"logo\":{\"@type\":\"ImageObject\",\"inLanguage\":\"it-IT\",\"@id\":\"https:\\\/\\\/arhiv.pedimed.si\\\/it\\\/#\\\/schema\\\/logo\\\/image\\\/\",\"url\":\"https:\\\/\\\/arhiv.pedimed.si\\\/wp-content\\\/uploads\\\/2021\\\/04\\\/Center-pedimed-logo.png\",\"contentUrl\":\"https:\\\/\\\/arhiv.pedimed.si\\\/wp-content\\\/uploads\\\/2021\\\/04\\\/Center-pedimed-logo.png\",\"width\":454,\"height\":191,\"caption\":\"Center Pedimed\"},\"image\":{\"@id\":\"https:\\\/\\\/arhiv.pedimed.si\\\/it\\\/#\\\/schema\\\/logo\\\/image\\\/\"}}]}<\/script>\n<!-- \/ Yoast SEO plugin. -->","yoast_head_json":{"title":"Pedag\u00ae - ULTRA HEEL - Medicinska nega nog","description":"ULTRA HEEL za super odli\u010dno oblazinjenje pete. Prepre\u010duje razli\u010dne te\u017eave s petami. Zato pokli\u010dite v Pedimed.","robots":{"index":"noindex","follow":"follow","max-snippet":"max-snippet:-1","max-image-preview":"max-image-preview:large","max-video-preview":"max-video-preview:-1"},"og_locale":"it_IT","og_type":"article","og_title":"Pedag\u00ae - ULTRA HEEL - Medicinska nega nog","og_description":"ULTRA HEEL za super odli\u010dno oblazinjenje pete. Prepre\u010duje razli\u010dne te\u017eave s petami. Zato pokli\u010dite v Pedimed.","og_url":"https:\/\/arhiv.pedimed.si\/it\/izdelek\/pedag-ultra-heel\/","og_site_name":"Medicinska nega nog","article_modified_time":"2023-06-28T11:08:47+00:00","og_image":[{"width":800,"height":800,"url":"https:\/\/arhiv.pedimed.si\/wp-content\/uploads\/2022\/02\/ultra-heel-vlozki-za-peto.jpg","type":"image\/jpeg"}],"twitter_card":"summary_large_image","twitter_misc":{"Tempo di lettura stimato":"1 minuto"},"schema":{"@context":"https:\/\/schema.org","@graph":[{"@type":"WebPage","@id":"https:\/\/arhiv.pedimed.si\/it\/izdelek\/pedag-ultra-heel\/","url":"https:\/\/arhiv.pedimed.si\/it\/izdelek\/pedag-ultra-heel\/","name":"Pedag\u00ae - ULTRA HEEL - Medicinska nega nog","isPartOf":{"@id":"https:\/\/arhiv.pedimed.si\/it\/#website"},"primaryImageOfPage":{"@id":"https:\/\/arhiv.pedimed.si\/it\/izdelek\/pedag-ultra-heel\/#primaryimage"},"image":{"@id":"https:\/\/arhiv.pedimed.si\/it\/izdelek\/pedag-ultra-heel\/#primaryimage"},"thumbnailUrl":"https:\/\/arhiv.pedimed.si\/wp-content\/uploads\/2022\/02\/ultra-heel-vlozki-za-peto.jpg","datePublished":"2022-02-15T19:52:36+00:00","dateModified":"2023-06-28T11:08:47+00:00","description":"ULTRA HEEL za super odli\u010dno oblazinjenje pete. Prepre\u010duje razli\u010dne te\u017eave s petami. Zato pokli\u010dite v Pedimed.","breadcrumb":{"@id":"https:\/\/arhiv.pedimed.si\/it\/izdelek\/pedag-ultra-heel\/#breadcrumb"},"inLanguage":"it-IT","potentialAction":[{"@type":"ReadAction","target":["https:\/\/arhiv.pedimed.si\/it\/izdelek\/pedag-ultra-heel\/"]}]},{"@type":"ImageObject","inLanguage":"it-IT","@id":"https:\/\/arhiv.pedimed.si\/it\/izdelek\/pedag-ultra-heel\/#primaryimage","url":"https:\/\/arhiv.pedimed.si\/wp-content\/uploads\/2022\/02\/ultra-heel-vlozki-za-peto.jpg","contentUrl":"https:\/\/arhiv.pedimed.si\/wp-content\/uploads\/2022\/02\/ultra-heel-vlozki-za-peto.jpg","width":800,"height":800,"caption":"Ultra heel vlo\u017eki za pomo\u010d peti"},{"@type":"BreadcrumbList","@id":"https:\/\/arhiv.pedimed.si\/it\/izdelek\/pedag-ultra-heel\/#breadcrumb","itemListElement":[{"@type":"ListItem","position":1,"name":"Center Pedimed","item":"https:\/\/arhiv.pedimed.si\/it\/"},{"@type":"ListItem","position":2,"name":"Trgovina","item":"https:\/\/arhiv.pedimed.si\/trgovina\/"},{"@type":"ListItem","position":3,"name":"Preobremenjene pete","item":"https:\/\/arhiv.pedimed.si\/oznaka\/preobremenjene-pete\/"},{"@type":"ListItem","position":4,"name":"Pedag\u00ae &#8211; ULTRA HEEL"}]},{"@type":"WebSite","@id":"https:\/\/arhiv.pedimed.si\/it\/#website","url":"https:\/\/arhiv.pedimed.si\/it\/","name":"Medicinska nega nog","description":"Center Pedimed","publisher":{"@id":"https:\/\/arhiv.pedimed.si\/it\/#organization"},"potentialAction":[{"@type":"SearchAction","target":{"@type":"EntryPoint","urlTemplate":"https:\/\/arhiv.pedimed.si\/it\/?s={search_term_string}"},"query-input":{"@type":"PropertyValueSpecification","valueRequired":true,"valueName":"search_term_string"}}],"inLanguage":"it-IT"},{"@type":"Organization","@id":"https:\/\/arhiv.pedimed.si\/it\/#organization","name":"Center Pedimed","url":"https:\/\/arhiv.pedimed.si\/it\/","logo":{"@type":"ImageObject","inLanguage":"it-IT","@id":"https:\/\/arhiv.pedimed.si\/it\/#\/schema\/logo\/image\/","url":"https:\/\/arhiv.pedimed.si\/wp-content\/uploads\/2021\/04\/Center-pedimed-logo.png","contentUrl":"https:\/\/arhiv.pedimed.si\/wp-content\/uploads\/2021\/04\/Center-pedimed-logo.png","width":454,"height":191,"caption":"Center Pedimed"},"image":{"@id":"https:\/\/arhiv.pedimed.si\/it\/#\/schema\/logo\/image\/"}}]}},"_links":{"self":[{"href":"https:\/\/arhiv.pedimed.si\/it\/wp-json\/wp\/v2\/product\/10848","targetHints":{"allow":["GET"]}}],"collection":[{"href":"https:\/\/arhiv.pedimed.si\/it\/wp-json\/wp\/v2\/product"}],"about":[{"href":"https:\/\/arhiv.pedimed.si\/it\/wp-json\/wp\/v2\/types\/product"}],"wp:featuredmedia":[{"embeddable":true,"href":"https:\/\/arhiv.pedimed.si\/it\/wp-json\/wp\/v2\/media\/11574"}],"wp:attachment":[{"href":"https:\/\/arhiv.pedimed.si\/it\/wp-json\/wp\/v2\/media?parent=10848"}],"wp:term":[{"taxonomy":"product_brand","embeddable":true,"href":"https:\/\/arhiv.pedimed.si\/it\/wp-json\/wp\/v2\/product_brand?post=10848"},{"taxonomy":"product_cat","embeddable":true,"href":"https:\/\/arhiv.pedimed.si\/it\/wp-json\/wp\/v2\/product_cat?post=10848"},{"taxonomy":"product_tag","embeddable":true,"href":"https:\/\/arhiv.pedimed.si\/it\/wp-json\/wp\/v2\/product_tag?post=10848"}],"curies":[{"name":"wp","href":"https:\/\/api.w.org\/{rel}","templated":true}]}}