{"id":10933,"date":"2022-02-15T21:34:46","date_gmt":"2022-02-15T20:34:46","guid":{"rendered":"https:\/\/pedimed.si\/?post_type=product&#038;p=10933"},"modified":"2022-02-15T21:45:08","modified_gmt":"2022-02-15T20:45:08","slug":"pedaggel-gelaxy","status":"publish","type":"product","link":"https:\/\/arhiv.pedimed.si\/it\/izdelek\/pedaggel-gelaxy\/","title":{"rendered":"Pedag\u00aeGel &#8211; GELAXY"},"content":{"rendered":"<p>Pedag Gelaxy tehnologija za bla\u017eenje udarcev pomaga oblaziniti stopala ter laj\u0161ati bole\u010dine v sklepih in hrbtu<\/p>\n","protected":false},"excerpt":{"rendered":"<p>Vlo\u017eek po celotni dol\u017eini z vzdol\u017eno podporo loka.<\/p>\n","protected":false},"featured_media":10947,"template":"","meta":[],"product_brand":[],"product_cat":[15],"product_tag":[174],"class_list":{"0":"post-10933","1":"product","2":"type-product","3":"status-publish","4":"has-post-thumbnail","6":"product_cat-pripomocki-za-nego","7":"product_tag-vlozki-za-cevlje","9":"first","10":"instock","11":"taxable","12":"shipping-taxable","13":"purchasable","14":"product-type-variable"},"yoast_head":"<!-- This site is optimized with the Yoast SEO plugin v27.4 - https:\/\/yoast.com\/product\/yoast-seo-wordpress\/ -->\n<title>Pedag\u00aeGel - GELAXY - Medicinska nega nog<\/title>\n<meta name=\"description\" content=\"Vlo\u017eki Sneakers za vse \u010dase \u017eivljenja. Je pri\u0161el \u010das, da pokli\u010dete Center Pedimed in poskrbite za va\u0161a stopala, da so pripravljena za poletje, zimo, jesen in pomlad.\" \/>\n<meta name=\"robots\" content=\"noindex, follow, max-snippet:-1, max-image-preview:large, max-video-preview:-1\" \/>\n<meta property=\"og:locale\" content=\"it_IT\" \/>\n<meta property=\"og:type\" content=\"article\" \/>\n<meta property=\"og:title\" content=\"Pedag\u00aeGel - GELAXY - Medicinska nega nog\" \/>\n<meta property=\"og:description\" content=\"Vlo\u017eki Sneakers za vse \u010dase \u017eivljenja. Je pri\u0161el \u010das, da pokli\u010dete Center Pedimed in poskrbite za va\u0161a stopala, da so pripravljena za poletje, zimo, jesen in pomlad.\" \/>\n<meta property=\"og:url\" content=\"https:\/\/arhiv.pedimed.si\/it\/izdelek\/pedaggel-gelaxy\/\" \/>\n<meta property=\"og:site_name\" content=\"Medicinska nega nog\" \/>\n<meta property=\"article:modified_time\" content=\"2022-02-15T20:45:08+00:00\" \/>\n<meta property=\"og:image\" content=\"https:\/\/arhiv.pedimed.si\/wp-content\/uploads\/2022\/02\/galexy-vlozki-pedag.jpg\" \/>\n\t<meta property=\"og:image:width\" content=\"800\" \/>\n\t<meta property=\"og:image:height\" content=\"800\" \/>\n\t<meta property=\"og:image:type\" content=\"image\/jpeg\" \/>\n<meta name=\"twitter:card\" content=\"summary_large_image\" \/>\n<meta name=\"twitter:label1\" content=\"Tempo di lettura stimato\" \/>\n\t<meta name=\"twitter:data1\" content=\"1 minuto\" \/>\n<script type=\"application\/ld+json\" class=\"yoast-schema-graph\">{\"@context\":\"https:\\\/\\\/schema.org\",\"@graph\":[{\"@type\":\"WebPage\",\"@id\":\"https:\\\/\\\/arhiv.pedimed.si\\\/it\\\/izdelek\\\/pedaggel-gelaxy\\\/\",\"url\":\"https:\\\/\\\/arhiv.pedimed.si\\\/it\\\/izdelek\\\/pedaggel-gelaxy\\\/\",\"name\":\"Pedag\u00aeGel - GELAXY - Medicinska nega nog\",\"isPartOf\":{\"@id\":\"https:\\\/\\\/arhiv.pedimed.si\\\/it\\\/#website\"},\"primaryImageOfPage\":{\"@id\":\"https:\\\/\\\/arhiv.pedimed.si\\\/it\\\/izdelek\\\/pedaggel-gelaxy\\\/#primaryimage\"},\"image\":{\"@id\":\"https:\\\/\\\/arhiv.pedimed.si\\\/it\\\/izdelek\\\/pedaggel-gelaxy\\\/#primaryimage\"},\"thumbnailUrl\":\"https:\\\/\\\/arhiv.pedimed.si\\\/wp-content\\\/uploads\\\/2022\\\/02\\\/galexy-vlozki-pedag.jpg\",\"datePublished\":\"2022-02-15T20:34:46+00:00\",\"dateModified\":\"2022-02-15T20:45:08+00:00\",\"description\":\"Vlo\u017eki Sneakers za vse \u010dase \u017eivljenja. Je pri\u0161el \u010das, da pokli\u010dete Center Pedimed in poskrbite za va\u0161a stopala, da so pripravljena za poletje, zimo, jesen in pomlad.\",\"breadcrumb\":{\"@id\":\"https:\\\/\\\/arhiv.pedimed.si\\\/it\\\/izdelek\\\/pedaggel-gelaxy\\\/#breadcrumb\"},\"inLanguage\":\"it-IT\",\"potentialAction\":[{\"@type\":\"ReadAction\",\"target\":[\"https:\\\/\\\/arhiv.pedimed.si\\\/it\\\/izdelek\\\/pedaggel-gelaxy\\\/\"]}]},{\"@type\":\"ImageObject\",\"inLanguage\":\"it-IT\",\"@id\":\"https:\\\/\\\/arhiv.pedimed.si\\\/it\\\/izdelek\\\/pedaggel-gelaxy\\\/#primaryimage\",\"url\":\"https:\\\/\\\/arhiv.pedimed.si\\\/wp-content\\\/uploads\\\/2022\\\/02\\\/galexy-vlozki-pedag.jpg\",\"contentUrl\":\"https:\\\/\\\/arhiv.pedimed.si\\\/wp-content\\\/uploads\\\/2022\\\/02\\\/galexy-vlozki-pedag.jpg\",\"width\":800,\"height\":800,\"caption\":\"Posebni vlo\u017eki Galaxy\"},{\"@type\":\"BreadcrumbList\",\"@id\":\"https:\\\/\\\/arhiv.pedimed.si\\\/it\\\/izdelek\\\/pedaggel-gelaxy\\\/#breadcrumb\",\"itemListElement\":[{\"@type\":\"ListItem\",\"position\":1,\"name\":\"Center Pedimed\",\"item\":\"https:\\\/\\\/arhiv.pedimed.si\\\/it\\\/\"},{\"@type\":\"ListItem\",\"position\":2,\"name\":\"Trgovina\",\"item\":\"https:\\\/\\\/arhiv.pedimed.si\\\/trgovina\\\/\"},{\"@type\":\"ListItem\",\"position\":3,\"name\":\"Pedag\u00aeGel &#8211; GELAXY\"}]},{\"@type\":\"WebSite\",\"@id\":\"https:\\\/\\\/arhiv.pedimed.si\\\/it\\\/#website\",\"url\":\"https:\\\/\\\/arhiv.pedimed.si\\\/it\\\/\",\"name\":\"Medicinska nega nog\",\"description\":\"Center Pedimed\",\"publisher\":{\"@id\":\"https:\\\/\\\/arhiv.pedimed.si\\\/it\\\/#organization\"},\"potentialAction\":[{\"@type\":\"SearchAction\",\"target\":{\"@type\":\"EntryPoint\",\"urlTemplate\":\"https:\\\/\\\/arhiv.pedimed.si\\\/it\\\/?s={search_term_string}\"},\"query-input\":{\"@type\":\"PropertyValueSpecification\",\"valueRequired\":true,\"valueName\":\"search_term_string\"}}],\"inLanguage\":\"it-IT\"},{\"@type\":\"Organization\",\"@id\":\"https:\\\/\\\/arhiv.pedimed.si\\\/it\\\/#organization\",\"name\":\"Center Pedimed\",\"url\":\"https:\\\/\\\/arhiv.pedimed.si\\\/it\\\/\",\"logo\":{\"@type\":\"ImageObject\",\"inLanguage\":\"it-IT\",\"@id\":\"https:\\\/\\\/arhiv.pedimed.si\\\/it\\\/#\\\/schema\\\/logo\\\/image\\\/\",\"url\":\"https:\\\/\\\/arhiv.pedimed.si\\\/wp-content\\\/uploads\\\/2021\\\/04\\\/Center-pedimed-logo.png\",\"contentUrl\":\"https:\\\/\\\/arhiv.pedimed.si\\\/wp-content\\\/uploads\\\/2021\\\/04\\\/Center-pedimed-logo.png\",\"width\":454,\"height\":191,\"caption\":\"Center Pedimed\"},\"image\":{\"@id\":\"https:\\\/\\\/arhiv.pedimed.si\\\/it\\\/#\\\/schema\\\/logo\\\/image\\\/\"}}]}<\/script>\n<!-- \/ Yoast SEO plugin. -->","yoast_head_json":{"title":"Pedag\u00aeGel - GELAXY - Medicinska nega nog","description":"Vlo\u017eki Sneakers za vse \u010dase \u017eivljenja. Je pri\u0161el \u010das, da pokli\u010dete Center Pedimed in poskrbite za va\u0161a stopala, da so pripravljena za poletje, zimo, jesen in pomlad.","robots":{"index":"noindex","follow":"follow","max-snippet":"max-snippet:-1","max-image-preview":"max-image-preview:large","max-video-preview":"max-video-preview:-1"},"og_locale":"it_IT","og_type":"article","og_title":"Pedag\u00aeGel - GELAXY - Medicinska nega nog","og_description":"Vlo\u017eki Sneakers za vse \u010dase \u017eivljenja. Je pri\u0161el \u010das, da pokli\u010dete Center Pedimed in poskrbite za va\u0161a stopala, da so pripravljena za poletje, zimo, jesen in pomlad.","og_url":"https:\/\/arhiv.pedimed.si\/it\/izdelek\/pedaggel-gelaxy\/","og_site_name":"Medicinska nega nog","article_modified_time":"2022-02-15T20:45:08+00:00","og_image":[{"width":800,"height":800,"url":"https:\/\/arhiv.pedimed.si\/wp-content\/uploads\/2022\/02\/galexy-vlozki-pedag.jpg","type":"image\/jpeg"}],"twitter_card":"summary_large_image","twitter_misc":{"Tempo di lettura stimato":"1 minuto"},"schema":{"@context":"https:\/\/schema.org","@graph":[{"@type":"WebPage","@id":"https:\/\/arhiv.pedimed.si\/it\/izdelek\/pedaggel-gelaxy\/","url":"https:\/\/arhiv.pedimed.si\/it\/izdelek\/pedaggel-gelaxy\/","name":"Pedag\u00aeGel - GELAXY - Medicinska nega nog","isPartOf":{"@id":"https:\/\/arhiv.pedimed.si\/it\/#website"},"primaryImageOfPage":{"@id":"https:\/\/arhiv.pedimed.si\/it\/izdelek\/pedaggel-gelaxy\/#primaryimage"},"image":{"@id":"https:\/\/arhiv.pedimed.si\/it\/izdelek\/pedaggel-gelaxy\/#primaryimage"},"thumbnailUrl":"https:\/\/arhiv.pedimed.si\/wp-content\/uploads\/2022\/02\/galexy-vlozki-pedag.jpg","datePublished":"2022-02-15T20:34:46+00:00","dateModified":"2022-02-15T20:45:08+00:00","description":"Vlo\u017eki Sneakers za vse \u010dase \u017eivljenja. Je pri\u0161el \u010das, da pokli\u010dete Center Pedimed in poskrbite za va\u0161a stopala, da so pripravljena za poletje, zimo, jesen in pomlad.","breadcrumb":{"@id":"https:\/\/arhiv.pedimed.si\/it\/izdelek\/pedaggel-gelaxy\/#breadcrumb"},"inLanguage":"it-IT","potentialAction":[{"@type":"ReadAction","target":["https:\/\/arhiv.pedimed.si\/it\/izdelek\/pedaggel-gelaxy\/"]}]},{"@type":"ImageObject","inLanguage":"it-IT","@id":"https:\/\/arhiv.pedimed.si\/it\/izdelek\/pedaggel-gelaxy\/#primaryimage","url":"https:\/\/arhiv.pedimed.si\/wp-content\/uploads\/2022\/02\/galexy-vlozki-pedag.jpg","contentUrl":"https:\/\/arhiv.pedimed.si\/wp-content\/uploads\/2022\/02\/galexy-vlozki-pedag.jpg","width":800,"height":800,"caption":"Posebni vlo\u017eki Galaxy"},{"@type":"BreadcrumbList","@id":"https:\/\/arhiv.pedimed.si\/it\/izdelek\/pedaggel-gelaxy\/#breadcrumb","itemListElement":[{"@type":"ListItem","position":1,"name":"Center Pedimed","item":"https:\/\/arhiv.pedimed.si\/it\/"},{"@type":"ListItem","position":2,"name":"Trgovina","item":"https:\/\/arhiv.pedimed.si\/trgovina\/"},{"@type":"ListItem","position":3,"name":"Pedag\u00aeGel &#8211; GELAXY"}]},{"@type":"WebSite","@id":"https:\/\/arhiv.pedimed.si\/it\/#website","url":"https:\/\/arhiv.pedimed.si\/it\/","name":"Medicinska nega nog","description":"Center Pedimed","publisher":{"@id":"https:\/\/arhiv.pedimed.si\/it\/#organization"},"potentialAction":[{"@type":"SearchAction","target":{"@type":"EntryPoint","urlTemplate":"https:\/\/arhiv.pedimed.si\/it\/?s={search_term_string}"},"query-input":{"@type":"PropertyValueSpecification","valueRequired":true,"valueName":"search_term_string"}}],"inLanguage":"it-IT"},{"@type":"Organization","@id":"https:\/\/arhiv.pedimed.si\/it\/#organization","name":"Center Pedimed","url":"https:\/\/arhiv.pedimed.si\/it\/","logo":{"@type":"ImageObject","inLanguage":"it-IT","@id":"https:\/\/arhiv.pedimed.si\/it\/#\/schema\/logo\/image\/","url":"https:\/\/arhiv.pedimed.si\/wp-content\/uploads\/2021\/04\/Center-pedimed-logo.png","contentUrl":"https:\/\/arhiv.pedimed.si\/wp-content\/uploads\/2021\/04\/Center-pedimed-logo.png","width":454,"height":191,"caption":"Center Pedimed"},"image":{"@id":"https:\/\/arhiv.pedimed.si\/it\/#\/schema\/logo\/image\/"}}]}},"_links":{"self":[{"href":"https:\/\/arhiv.pedimed.si\/it\/wp-json\/wp\/v2\/product\/10933","targetHints":{"allow":["GET"]}}],"collection":[{"href":"https:\/\/arhiv.pedimed.si\/it\/wp-json\/wp\/v2\/product"}],"about":[{"href":"https:\/\/arhiv.pedimed.si\/it\/wp-json\/wp\/v2\/types\/product"}],"wp:featuredmedia":[{"embeddable":true,"href":"https:\/\/arhiv.pedimed.si\/it\/wp-json\/wp\/v2\/media\/10947"}],"wp:attachment":[{"href":"https:\/\/arhiv.pedimed.si\/it\/wp-json\/wp\/v2\/media?parent=10933"}],"wp:term":[{"taxonomy":"product_brand","embeddable":true,"href":"https:\/\/arhiv.pedimed.si\/it\/wp-json\/wp\/v2\/product_brand?post=10933"},{"taxonomy":"product_cat","embeddable":true,"href":"https:\/\/arhiv.pedimed.si\/it\/wp-json\/wp\/v2\/product_cat?post=10933"},{"taxonomy":"product_tag","embeddable":true,"href":"https:\/\/arhiv.pedimed.si\/it\/wp-json\/wp\/v2\/product_tag?post=10933"}],"curies":[{"name":"wp","href":"https:\/\/api.w.org\/{rel}","templated":true}]}}