{"id":11131,"date":"2022-02-20T20:36:22","date_gmt":"2022-02-20T19:36:22","guid":{"rendered":"https:\/\/pedimed.si\/?post_type=product&#038;p=11131"},"modified":"2023-06-28T13:25:19","modified_gmt":"2023-06-28T11:25:19","slug":"pedag-viva-outdoor","status":"publish","type":"product","link":"https:\/\/arhiv.pedimed.si\/it\/izdelek\/pedag-viva-outdoor\/","title":{"rendered":"Pedag\u00ae &#8211; VIVA OUTDOOR"},"content":{"rendered":"<p>Vsebuje poltog vzdol\u017eni lok in plantarni obok, vgrajen ortopedski vlo\u017eek za \u0161irinski lok (metatarzalno) in mo\u010dno petno blazino.<\/p>\n","protected":false},"excerpt":{"rendered":"<p>Je idealen za najte\u017eje aktivnosti na prostem. Narejen je iz trpe\u017enega, zra\u010dnega veganskega usnja, ki prepre\u010duje obrabo ter zagotavlja oblazinjenje in izolacijo. Izjemno u\u010dinkovit \u010distilni filter z aktivnim ogljem za prepre\u010devanje neprijetnega vonja stopal. Blazinica za peto laj\u0161a pritisk in udarce na peto, gle\u017eenj, kolena in hrbtenico.<\/p>\n","protected":false},"featured_media":11145,"template":"","meta":[],"product_brand":[],"product_cat":[15],"product_tag":[60,174],"class_list":{"0":"post-11131","1":"product","2":"type-product","3":"status-publish","4":"has-post-thumbnail","6":"product_cat-pripomocki-za-nego","7":"product_tag-za-sportnike","8":"product_tag-vlozki-za-cevlje","10":"first","11":"instock","12":"taxable","13":"shipping-taxable","14":"purchasable","15":"product-type-variable"},"yoast_head":"<!-- This site is optimized with the Yoast SEO plugin v27.4 - https:\/\/yoast.com\/product\/yoast-seo-wordpress\/ -->\n<title>Pedag\u00ae - VIVA OUTDOOR - Medicinska nega nog<\/title>\n<meta name=\"description\" content=\"Najbolj\u0161i vlo\u017eki Pedag Viva Outdoor so \u010dudoviti vlo\u017eki za noge, da bodo dolgo zdrave. Pokli\u010dite Center Pedimed.\" \/>\n<meta name=\"robots\" content=\"noindex, follow, max-snippet:-1, max-image-preview:large, max-video-preview:-1\" \/>\n<meta property=\"og:locale\" content=\"it_IT\" \/>\n<meta property=\"og:type\" content=\"article\" \/>\n<meta property=\"og:title\" content=\"Pedag\u00ae - VIVA OUTDOOR - Medicinska nega nog\" \/>\n<meta property=\"og:description\" content=\"Najbolj\u0161i vlo\u017eki Pedag Viva Outdoor so \u010dudoviti vlo\u017eki za noge, da bodo dolgo zdrave. Pokli\u010dite Center Pedimed.\" \/>\n<meta property=\"og:url\" content=\"https:\/\/arhiv.pedimed.si\/it\/izdelek\/pedag-viva-outdoor\/\" \/>\n<meta property=\"og:site_name\" content=\"Medicinska nega nog\" \/>\n<meta property=\"article:modified_time\" content=\"2023-06-28T11:25:19+00:00\" \/>\n<meta property=\"og:image\" content=\"https:\/\/arhiv.pedimed.si\/wp-content\/uploads\/2022\/02\/pedag-viva-outdoor.jpg\" \/>\n\t<meta property=\"og:image:width\" content=\"800\" \/>\n\t<meta property=\"og:image:height\" content=\"800\" \/>\n\t<meta property=\"og:image:type\" content=\"image\/jpeg\" \/>\n<meta name=\"twitter:card\" content=\"summary_large_image\" \/>\n<meta name=\"twitter:label1\" content=\"Tempo di lettura stimato\" \/>\n\t<meta name=\"twitter:data1\" content=\"1 minuto\" \/>\n<script type=\"application\/ld+json\" class=\"yoast-schema-graph\">{\"@context\":\"https:\\\/\\\/schema.org\",\"@graph\":[{\"@type\":\"WebPage\",\"@id\":\"https:\\\/\\\/arhiv.pedimed.si\\\/it\\\/izdelek\\\/pedag-viva-outdoor\\\/\",\"url\":\"https:\\\/\\\/arhiv.pedimed.si\\\/it\\\/izdelek\\\/pedag-viva-outdoor\\\/\",\"name\":\"Pedag\u00ae - VIVA OUTDOOR - Medicinska nega nog\",\"isPartOf\":{\"@id\":\"https:\\\/\\\/arhiv.pedimed.si\\\/it\\\/#website\"},\"primaryImageOfPage\":{\"@id\":\"https:\\\/\\\/arhiv.pedimed.si\\\/it\\\/izdelek\\\/pedag-viva-outdoor\\\/#primaryimage\"},\"image\":{\"@id\":\"https:\\\/\\\/arhiv.pedimed.si\\\/it\\\/izdelek\\\/pedag-viva-outdoor\\\/#primaryimage\"},\"thumbnailUrl\":\"https:\\\/\\\/arhiv.pedimed.si\\\/wp-content\\\/uploads\\\/2022\\\/02\\\/pedag-viva-outdoor.jpg\",\"datePublished\":\"2022-02-20T19:36:22+00:00\",\"dateModified\":\"2023-06-28T11:25:19+00:00\",\"description\":\"Najbolj\u0161i vlo\u017eki Pedag Viva Outdoor so \u010dudoviti vlo\u017eki za noge, da bodo dolgo zdrave. Pokli\u010dite Center Pedimed.\",\"breadcrumb\":{\"@id\":\"https:\\\/\\\/arhiv.pedimed.si\\\/it\\\/izdelek\\\/pedag-viva-outdoor\\\/#breadcrumb\"},\"inLanguage\":\"it-IT\",\"potentialAction\":[{\"@type\":\"ReadAction\",\"target\":[\"https:\\\/\\\/arhiv.pedimed.si\\\/it\\\/izdelek\\\/pedag-viva-outdoor\\\/\"]}]},{\"@type\":\"ImageObject\",\"inLanguage\":\"it-IT\",\"@id\":\"https:\\\/\\\/arhiv.pedimed.si\\\/it\\\/izdelek\\\/pedag-viva-outdoor\\\/#primaryimage\",\"url\":\"https:\\\/\\\/arhiv.pedimed.si\\\/wp-content\\\/uploads\\\/2022\\\/02\\\/pedag-viva-outdoor.jpg\",\"contentUrl\":\"https:\\\/\\\/arhiv.pedimed.si\\\/wp-content\\\/uploads\\\/2022\\\/02\\\/pedag-viva-outdoor.jpg\",\"width\":800,\"height\":800,\"caption\":\"Pedag Viva vlo\u017eki za zunaj\"},{\"@type\":\"BreadcrumbList\",\"@id\":\"https:\\\/\\\/arhiv.pedimed.si\\\/it\\\/izdelek\\\/pedag-viva-outdoor\\\/#breadcrumb\",\"itemListElement\":[{\"@type\":\"ListItem\",\"position\":1,\"name\":\"Center Pedimed\",\"item\":\"https:\\\/\\\/arhiv.pedimed.si\\\/it\\\/\"},{\"@type\":\"ListItem\",\"position\":2,\"name\":\"Trgovina\",\"item\":\"https:\\\/\\\/arhiv.pedimed.si\\\/trgovina\\\/\"},{\"@type\":\"ListItem\",\"position\":3,\"name\":\"Nega za \u0161portnike\",\"item\":\"https:\\\/\\\/arhiv.pedimed.si\\\/oznaka\\\/za-sportnike\\\/\"},{\"@type\":\"ListItem\",\"position\":4,\"name\":\"Pedag\u00ae &#8211; VIVA OUTDOOR\"}]},{\"@type\":\"WebSite\",\"@id\":\"https:\\\/\\\/arhiv.pedimed.si\\\/it\\\/#website\",\"url\":\"https:\\\/\\\/arhiv.pedimed.si\\\/it\\\/\",\"name\":\"Medicinska nega nog\",\"description\":\"Center Pedimed\",\"publisher\":{\"@id\":\"https:\\\/\\\/arhiv.pedimed.si\\\/it\\\/#organization\"},\"potentialAction\":[{\"@type\":\"SearchAction\",\"target\":{\"@type\":\"EntryPoint\",\"urlTemplate\":\"https:\\\/\\\/arhiv.pedimed.si\\\/it\\\/?s={search_term_string}\"},\"query-input\":{\"@type\":\"PropertyValueSpecification\",\"valueRequired\":true,\"valueName\":\"search_term_string\"}}],\"inLanguage\":\"it-IT\"},{\"@type\":\"Organization\",\"@id\":\"https:\\\/\\\/arhiv.pedimed.si\\\/it\\\/#organization\",\"name\":\"Center Pedimed\",\"url\":\"https:\\\/\\\/arhiv.pedimed.si\\\/it\\\/\",\"logo\":{\"@type\":\"ImageObject\",\"inLanguage\":\"it-IT\",\"@id\":\"https:\\\/\\\/arhiv.pedimed.si\\\/it\\\/#\\\/schema\\\/logo\\\/image\\\/\",\"url\":\"https:\\\/\\\/arhiv.pedimed.si\\\/wp-content\\\/uploads\\\/2021\\\/04\\\/Center-pedimed-logo.png\",\"contentUrl\":\"https:\\\/\\\/arhiv.pedimed.si\\\/wp-content\\\/uploads\\\/2021\\\/04\\\/Center-pedimed-logo.png\",\"width\":454,\"height\":191,\"caption\":\"Center Pedimed\"},\"image\":{\"@id\":\"https:\\\/\\\/arhiv.pedimed.si\\\/it\\\/#\\\/schema\\\/logo\\\/image\\\/\"}}]}<\/script>\n<!-- \/ Yoast SEO plugin. -->","yoast_head_json":{"title":"Pedag\u00ae - VIVA OUTDOOR - Medicinska nega nog","description":"Najbolj\u0161i vlo\u017eki Pedag Viva Outdoor so \u010dudoviti vlo\u017eki za noge, da bodo dolgo zdrave. Pokli\u010dite Center Pedimed.","robots":{"index":"noindex","follow":"follow","max-snippet":"max-snippet:-1","max-image-preview":"max-image-preview:large","max-video-preview":"max-video-preview:-1"},"og_locale":"it_IT","og_type":"article","og_title":"Pedag\u00ae - VIVA OUTDOOR - Medicinska nega nog","og_description":"Najbolj\u0161i vlo\u017eki Pedag Viva Outdoor so \u010dudoviti vlo\u017eki za noge, da bodo dolgo zdrave. Pokli\u010dite Center Pedimed.","og_url":"https:\/\/arhiv.pedimed.si\/it\/izdelek\/pedag-viva-outdoor\/","og_site_name":"Medicinska nega nog","article_modified_time":"2023-06-28T11:25:19+00:00","og_image":[{"width":800,"height":800,"url":"https:\/\/arhiv.pedimed.si\/wp-content\/uploads\/2022\/02\/pedag-viva-outdoor.jpg","type":"image\/jpeg"}],"twitter_card":"summary_large_image","twitter_misc":{"Tempo di lettura stimato":"1 minuto"},"schema":{"@context":"https:\/\/schema.org","@graph":[{"@type":"WebPage","@id":"https:\/\/arhiv.pedimed.si\/it\/izdelek\/pedag-viva-outdoor\/","url":"https:\/\/arhiv.pedimed.si\/it\/izdelek\/pedag-viva-outdoor\/","name":"Pedag\u00ae - VIVA OUTDOOR - Medicinska nega nog","isPartOf":{"@id":"https:\/\/arhiv.pedimed.si\/it\/#website"},"primaryImageOfPage":{"@id":"https:\/\/arhiv.pedimed.si\/it\/izdelek\/pedag-viva-outdoor\/#primaryimage"},"image":{"@id":"https:\/\/arhiv.pedimed.si\/it\/izdelek\/pedag-viva-outdoor\/#primaryimage"},"thumbnailUrl":"https:\/\/arhiv.pedimed.si\/wp-content\/uploads\/2022\/02\/pedag-viva-outdoor.jpg","datePublished":"2022-02-20T19:36:22+00:00","dateModified":"2023-06-28T11:25:19+00:00","description":"Najbolj\u0161i vlo\u017eki Pedag Viva Outdoor so \u010dudoviti vlo\u017eki za noge, da bodo dolgo zdrave. Pokli\u010dite Center Pedimed.","breadcrumb":{"@id":"https:\/\/arhiv.pedimed.si\/it\/izdelek\/pedag-viva-outdoor\/#breadcrumb"},"inLanguage":"it-IT","potentialAction":[{"@type":"ReadAction","target":["https:\/\/arhiv.pedimed.si\/it\/izdelek\/pedag-viva-outdoor\/"]}]},{"@type":"ImageObject","inLanguage":"it-IT","@id":"https:\/\/arhiv.pedimed.si\/it\/izdelek\/pedag-viva-outdoor\/#primaryimage","url":"https:\/\/arhiv.pedimed.si\/wp-content\/uploads\/2022\/02\/pedag-viva-outdoor.jpg","contentUrl":"https:\/\/arhiv.pedimed.si\/wp-content\/uploads\/2022\/02\/pedag-viva-outdoor.jpg","width":800,"height":800,"caption":"Pedag Viva vlo\u017eki za zunaj"},{"@type":"BreadcrumbList","@id":"https:\/\/arhiv.pedimed.si\/it\/izdelek\/pedag-viva-outdoor\/#breadcrumb","itemListElement":[{"@type":"ListItem","position":1,"name":"Center Pedimed","item":"https:\/\/arhiv.pedimed.si\/it\/"},{"@type":"ListItem","position":2,"name":"Trgovina","item":"https:\/\/arhiv.pedimed.si\/trgovina\/"},{"@type":"ListItem","position":3,"name":"Nega za \u0161portnike","item":"https:\/\/arhiv.pedimed.si\/oznaka\/za-sportnike\/"},{"@type":"ListItem","position":4,"name":"Pedag\u00ae &#8211; VIVA OUTDOOR"}]},{"@type":"WebSite","@id":"https:\/\/arhiv.pedimed.si\/it\/#website","url":"https:\/\/arhiv.pedimed.si\/it\/","name":"Medicinska nega nog","description":"Center Pedimed","publisher":{"@id":"https:\/\/arhiv.pedimed.si\/it\/#organization"},"potentialAction":[{"@type":"SearchAction","target":{"@type":"EntryPoint","urlTemplate":"https:\/\/arhiv.pedimed.si\/it\/?s={search_term_string}"},"query-input":{"@type":"PropertyValueSpecification","valueRequired":true,"valueName":"search_term_string"}}],"inLanguage":"it-IT"},{"@type":"Organization","@id":"https:\/\/arhiv.pedimed.si\/it\/#organization","name":"Center Pedimed","url":"https:\/\/arhiv.pedimed.si\/it\/","logo":{"@type":"ImageObject","inLanguage":"it-IT","@id":"https:\/\/arhiv.pedimed.si\/it\/#\/schema\/logo\/image\/","url":"https:\/\/arhiv.pedimed.si\/wp-content\/uploads\/2021\/04\/Center-pedimed-logo.png","contentUrl":"https:\/\/arhiv.pedimed.si\/wp-content\/uploads\/2021\/04\/Center-pedimed-logo.png","width":454,"height":191,"caption":"Center Pedimed"},"image":{"@id":"https:\/\/arhiv.pedimed.si\/it\/#\/schema\/logo\/image\/"}}]}},"_links":{"self":[{"href":"https:\/\/arhiv.pedimed.si\/it\/wp-json\/wp\/v2\/product\/11131","targetHints":{"allow":["GET"]}}],"collection":[{"href":"https:\/\/arhiv.pedimed.si\/it\/wp-json\/wp\/v2\/product"}],"about":[{"href":"https:\/\/arhiv.pedimed.si\/it\/wp-json\/wp\/v2\/types\/product"}],"wp:featuredmedia":[{"embeddable":true,"href":"https:\/\/arhiv.pedimed.si\/it\/wp-json\/wp\/v2\/media\/11145"}],"wp:attachment":[{"href":"https:\/\/arhiv.pedimed.si\/it\/wp-json\/wp\/v2\/media?parent=11131"}],"wp:term":[{"taxonomy":"product_brand","embeddable":true,"href":"https:\/\/arhiv.pedimed.si\/it\/wp-json\/wp\/v2\/product_brand?post=11131"},{"taxonomy":"product_cat","embeddable":true,"href":"https:\/\/arhiv.pedimed.si\/it\/wp-json\/wp\/v2\/product_cat?post=11131"},{"taxonomy":"product_tag","embeddable":true,"href":"https:\/\/arhiv.pedimed.si\/it\/wp-json\/wp\/v2\/product_tag?post=11131"}],"curies":[{"name":"wp","href":"https:\/\/api.w.org\/{rel}","templated":true}]}}